{"id":65,"date":"2017-09-18T07:34:52","date_gmt":"2017-09-18T07:34:52","guid":{"rendered":"https:\/\/mielenikkuna.fi\/?page_id=65"},"modified":"2023-07-25T08:42:41","modified_gmt":"2023-07-25T08:42:41","slug":"tietoa-minusta","status":"publish","type":"page","link":"https:\/\/mielenikkuna.fi\/?page_id=65","title":{"rendered":"Tietoa minusta"},"content":{"rendered":"<div id=\"pl-65\"  class=\"panel-layout\" ><div id=\"pg-65-0\"  class=\"panel-grid panel-no-style\" ><div id=\"pgc-65-0-0\"  class=\"panel-grid-cell\" ><div id=\"panel-65-0-0-0\" class=\"so-panel widget widget_sow-editor panel-first-child\" data-index=\"0\" ><div\n\t\t\t\n\t\t\tclass=\"so-widget-sow-editor so-widget-sow-editor-base\"\n\t\t\t\n\t\t>\n<div class=\"siteorigin-widget-tinymce textwidget\">\n\t<p><strong>Marjo Pajari<\/strong><\/p>\n<p><strong>Koulutus<\/strong><br \/>\nSairaanhoitaja (sis\u00e4tauti-kirurginen) 1995<br \/>\nYhteiskuntatieteiden maisteri, sosiaality\u00f6ntekij\u00e4 2004<br \/>\nKasvatus- ja perheneuvonnan erikoistumiskoulutus 2004-2005<br \/>\nErityistason perheterapiakoulutus, psykoterapeutti 2005-2008<br \/>\nTahdolla ja taidolla -ohjaajakoulutus (parisuhde) 2008-2009<br \/>\n1-vuotinen kriisi- ja traumakoulutus perheterapeuteille 2017<br \/>\n1-vuotinen paripsykoterapiakoulutus perheterapeuteille 2020<br \/>\nPsykofyysisen psykoterapian perusteet 30 op 2022<\/p>\n<p>KELA-p\u00e4tevyys pari- ja perheterapiassa<\/p>\n<p>Ammattip\u00e4tevyydet voi tarkistaa nimell\u00e4 Sosiaali- ja terveydenhuollon ammattihenkil\u00f6iden keskusrekistereiden julkisesta tietopalvelusta:<br \/>\n<a href=\"https:\/\/julkiterhikki.valvira.fi\/\" target=\"_blank\" rel=\"noopener\">https:\/\/julkiterhikki.valvira.fi\/<\/a><\/p>\n<p><strong>Ty\u00f6kokemus<\/strong><br \/>\nOlen ty\u00f6skennellyt muutaman vuoden sairaanhoitajana sek\u00e4 terveyskeskuksessa ett\u00e4 sairaalassa ja l\u00e4hes 10 vuoden ajan sosiaality\u00f6ntekij\u00e4n\u00e4 perheneuvolassa. Lis\u00e4ksi olen ty\u00f6skennellyt parin vuoden ajan valtakunnallisessa lastensuojeluj\u00e4rjest\u00f6ss\u00e4 projektikoordinaattorina. T\u00e4ll\u00e4 hetkell\u00e4 toimin pari- ja perhepsykoterapeuttina lastensuojelun kotiin teht\u00e4v\u00e4ss\u00e4 moniammatillisessa perhekuntoutusty\u00f6ss\u00e4.<\/p>\n<\/div>\n<\/div><\/div><div id=\"panel-65-0-0-1\" class=\"so-panel widget widget_media_image panel-last-child\" data-index=\"1\" ><img loading=\"lazy\" decoding=\"async\" width=\"200\" height=\"300\" src=\"https:\/\/mielenikkuna.fi\/wp-content\/uploads\/2019\/07\/Marjo-verkkosivukuva-200x300.jpg\" class=\"image wp-image-352  attachment-medium size-medium\" alt=\"\" style=\"max-width: 100%; height: auto;\" srcset=\"https:\/\/mielenikkuna.fi\/wp-content\/uploads\/2019\/07\/Marjo-verkkosivukuva-200x300.jpg 200w, https:\/\/mielenikkuna.fi\/wp-content\/uploads\/2019\/07\/Marjo-verkkosivukuva-768x1152.jpg 768w, https:\/\/mielenikkuna.fi\/wp-content\/uploads\/2019\/07\/Marjo-verkkosivukuva-683x1024.jpg 683w, https:\/\/mielenikkuna.fi\/wp-content\/uploads\/2019\/07\/Marjo-verkkosivukuva.jpg 2000w\" sizes=\"auto, (max-width: 200px) 100vw, 200px\" \/><\/div><\/div><div id=\"pgc-65-0-1\"  class=\"panel-grid-cell\" ><div id=\"panel-65-0-1-0\" class=\"so-panel widget widget_sow-editor panel-first-child panel-last-child\" data-index=\"2\" ><div\n\t\t\t\n\t\t\tclass=\"so-widget-sow-editor so-widget-sow-editor-base\"\n\t\t\t\n\t\t>\n<div class=\"siteorigin-widget-tinymce textwidget\">\n\t<\/div>\n<\/div><\/div><\/div><\/div><\/div>","protected":false},"excerpt":{"rendered":"<p>Marjo Pajari Koulutus Sairaanhoitaja (sis\u00e4tauti-kirurginen) 1995 Yhteiskuntatieteiden maisteri, sosiaality\u00f6ntekij\u00e4 2004 Kasvatus- ja perheneuvonnan erikoistumiskoulutus 2004-2005 Erityistason perheterapiakoulutus, psykoterapeutti 2005-2008 Tahdolla ja taidolla -ohjaajakoulutus (parisuhde) 2008-2009 1-vuotinen kriisi- ja traumakoulutus perheterapeuteille 2017 1-vuotinen paripsykoterapiakoulutus perheterapeuteille 2020 Psykofyysisen psykoterapian perusteet 30 op 2022 KELA-p\u00e4tevyys pari- ja perheterapiassa Ammattip\u00e4tevyydet voi tarkistaa nimell\u00e4 Sosiaali- ja terveydenhuollon ammattihenkil\u00f6iden keskusrekistereiden julkisesta <a class=\"read-more\" href=\"https:\/\/mielenikkuna.fi\/?page_id=65\">Read More<\/a><\/p>\n","protected":false},"author":1,"featured_media":0,"parent":0,"menu_order":0,"comment_status":"closed","ping_status":"closed","template":"template-left-sidebar.php","meta":{"jetpack_post_was_ever_published":false,"footnotes":""},"class_list":["post-65","page","type-page","status-publish","hentry"],"yoast_head":"<!-- This site is optimized with the Yoast SEO plugin v27.5 - https:\/\/yoast.com\/product\/yoast-seo-wordpress\/ -->\n<title>Tietoa minusta - PSYKOTERAPIAPALVELU MIELEN IKKUNA<\/title>\n<meta name=\"robots\" content=\"index, follow, max-snippet:-1, max-image-preview:large, max-video-preview:-1\" \/>\n<link rel=\"canonical\" href=\"https:\/\/mielenikkuna.fi\/?page_id=65\" \/>\n<meta property=\"og:locale\" content=\"fi_FI\" \/>\n<meta property=\"og:type\" content=\"article\" \/>\n<meta property=\"og:title\" content=\"Tietoa minusta - PSYKOTERAPIAPALVELU MIELEN IKKUNA\" \/>\n<meta property=\"og:description\" content=\"Marjo Pajari Koulutus Sairaanhoitaja (sis\u00e4tauti-kirurginen) 1995 Yhteiskuntatieteiden maisteri, sosiaality\u00f6ntekij\u00e4 2004 Kasvatus- ja perheneuvonnan erikoistumiskoulutus 2004-2005 Erityistason perheterapiakoulutus, psykoterapeutti 2005-2008 Tahdolla ja taidolla -ohjaajakoulutus (parisuhde) 2008-2009 1-vuotinen kriisi- ja traumakoulutus perheterapeuteille 2017 1-vuotinen paripsykoterapiakoulutus perheterapeuteille 2020 Psykofyysisen psykoterapian perusteet 30 op 2022 KELA-p\u00e4tevyys pari- ja perheterapiassa Ammattip\u00e4tevyydet voi tarkistaa nimell\u00e4 Sosiaali- ja terveydenhuollon ammattihenkil\u00f6iden keskusrekistereiden julkisesta Read More\" \/>\n<meta property=\"og:url\" content=\"https:\/\/mielenikkuna.fi\/?page_id=65\" \/>\n<meta property=\"og:site_name\" content=\"PSYKOTERAPIAPALVELU MIELEN IKKUNA\" \/>\n<meta property=\"article:modified_time\" content=\"2023-07-25T08:42:41+00:00\" \/>\n<meta name=\"twitter:card\" content=\"summary_large_image\" \/>\n<meta name=\"twitter:label1\" content=\"Arvioitu lukuaika\" \/>\n\t<meta name=\"twitter:data1\" content=\"1 minuutti\" \/>\n<script type=\"application\/ld+json\" class=\"yoast-schema-graph\">{\"@context\":\"https:\\\/\\\/schema.org\",\"@graph\":[{\"@type\":\"WebPage\",\"@id\":\"https:\\\/\\\/mielenikkuna.fi\\\/?page_id=65\",\"url\":\"https:\\\/\\\/mielenikkuna.fi\\\/?page_id=65\",\"name\":\"Tietoa minusta - PSYKOTERAPIAPALVELU MIELEN IKKUNA\",\"isPartOf\":{\"@id\":\"https:\\\/\\\/mielenikkuna.fi\\\/#website\"},\"datePublished\":\"2017-09-18T07:34:52+00:00\",\"dateModified\":\"2023-07-25T08:42:41+00:00\",\"breadcrumb\":{\"@id\":\"https:\\\/\\\/mielenikkuna.fi\\\/?page_id=65#breadcrumb\"},\"inLanguage\":\"fi\",\"potentialAction\":[{\"@type\":\"ReadAction\",\"target\":[\"https:\\\/\\\/mielenikkuna.fi\\\/?page_id=65\"]}]},{\"@type\":\"BreadcrumbList\",\"@id\":\"https:\\\/\\\/mielenikkuna.fi\\\/?page_id=65#breadcrumb\",\"itemListElement\":[{\"@type\":\"ListItem\",\"position\":1,\"name\":\"Home\",\"item\":\"https:\\\/\\\/mielenikkuna.fi\\\/\"},{\"@type\":\"ListItem\",\"position\":2,\"name\":\"Tietoa minusta\"}]},{\"@type\":\"WebSite\",\"@id\":\"https:\\\/\\\/mielenikkuna.fi\\\/#website\",\"url\":\"https:\\\/\\\/mielenikkuna.fi\\\/\",\"name\":\"PSYKOTERAPIAPALVELU MIELEN IKKUNA\",\"description\":\"\",\"potentialAction\":[{\"@type\":\"SearchAction\",\"target\":{\"@type\":\"EntryPoint\",\"urlTemplate\":\"https:\\\/\\\/mielenikkuna.fi\\\/?s={search_term_string}\"},\"query-input\":{\"@type\":\"PropertyValueSpecification\",\"valueRequired\":true,\"valueName\":\"search_term_string\"}}],\"inLanguage\":\"fi\"}]}<\/script>\n<!-- \/ Yoast SEO plugin. -->","yoast_head_json":{"title":"Tietoa minusta - PSYKOTERAPIAPALVELU MIELEN IKKUNA","robots":{"index":"index","follow":"follow","max-snippet":"max-snippet:-1","max-image-preview":"max-image-preview:large","max-video-preview":"max-video-preview:-1"},"canonical":"https:\/\/mielenikkuna.fi\/?page_id=65","og_locale":"fi_FI","og_type":"article","og_title":"Tietoa minusta - PSYKOTERAPIAPALVELU MIELEN IKKUNA","og_description":"Marjo Pajari Koulutus Sairaanhoitaja (sis\u00e4tauti-kirurginen) 1995 Yhteiskuntatieteiden maisteri, sosiaality\u00f6ntekij\u00e4 2004 Kasvatus- ja perheneuvonnan erikoistumiskoulutus 2004-2005 Erityistason perheterapiakoulutus, psykoterapeutti 2005-2008 Tahdolla ja taidolla -ohjaajakoulutus (parisuhde) 2008-2009 1-vuotinen kriisi- ja traumakoulutus perheterapeuteille 2017 1-vuotinen paripsykoterapiakoulutus perheterapeuteille 2020 Psykofyysisen psykoterapian perusteet 30 op 2022 KELA-p\u00e4tevyys pari- ja perheterapiassa Ammattip\u00e4tevyydet voi tarkistaa nimell\u00e4 Sosiaali- ja terveydenhuollon ammattihenkil\u00f6iden keskusrekistereiden julkisesta Read More","og_url":"https:\/\/mielenikkuna.fi\/?page_id=65","og_site_name":"PSYKOTERAPIAPALVELU MIELEN IKKUNA","article_modified_time":"2023-07-25T08:42:41+00:00","twitter_card":"summary_large_image","twitter_misc":{"Arvioitu lukuaika":"1 minuutti"},"schema":{"@context":"https:\/\/schema.org","@graph":[{"@type":"WebPage","@id":"https:\/\/mielenikkuna.fi\/?page_id=65","url":"https:\/\/mielenikkuna.fi\/?page_id=65","name":"Tietoa minusta - PSYKOTERAPIAPALVELU MIELEN IKKUNA","isPartOf":{"@id":"https:\/\/mielenikkuna.fi\/#website"},"datePublished":"2017-09-18T07:34:52+00:00","dateModified":"2023-07-25T08:42:41+00:00","breadcrumb":{"@id":"https:\/\/mielenikkuna.fi\/?page_id=65#breadcrumb"},"inLanguage":"fi","potentialAction":[{"@type":"ReadAction","target":["https:\/\/mielenikkuna.fi\/?page_id=65"]}]},{"@type":"BreadcrumbList","@id":"https:\/\/mielenikkuna.fi\/?page_id=65#breadcrumb","itemListElement":[{"@type":"ListItem","position":1,"name":"Home","item":"https:\/\/mielenikkuna.fi\/"},{"@type":"ListItem","position":2,"name":"Tietoa minusta"}]},{"@type":"WebSite","@id":"https:\/\/mielenikkuna.fi\/#website","url":"https:\/\/mielenikkuna.fi\/","name":"PSYKOTERAPIAPALVELU MIELEN IKKUNA","description":"","potentialAction":[{"@type":"SearchAction","target":{"@type":"EntryPoint","urlTemplate":"https:\/\/mielenikkuna.fi\/?s={search_term_string}"},"query-input":{"@type":"PropertyValueSpecification","valueRequired":true,"valueName":"search_term_string"}}],"inLanguage":"fi"}]}},"jetpack_sharing_enabled":true,"jetpack_shortlink":"https:\/\/wp.me\/P9bYoq-13","_links":{"self":[{"href":"https:\/\/mielenikkuna.fi\/index.php?rest_route=\/wp\/v2\/pages\/65","targetHints":{"allow":["GET"]}}],"collection":[{"href":"https:\/\/mielenikkuna.fi\/index.php?rest_route=\/wp\/v2\/pages"}],"about":[{"href":"https:\/\/mielenikkuna.fi\/index.php?rest_route=\/wp\/v2\/types\/page"}],"author":[{"embeddable":true,"href":"https:\/\/mielenikkuna.fi\/index.php?rest_route=\/wp\/v2\/users\/1"}],"replies":[{"embeddable":true,"href":"https:\/\/mielenikkuna.fi\/index.php?rest_route=%2Fwp%2Fv2%2Fcomments&post=65"}],"version-history":[{"count":28,"href":"https:\/\/mielenikkuna.fi\/index.php?rest_route=\/wp\/v2\/pages\/65\/revisions"}],"predecessor-version":[{"id":451,"href":"https:\/\/mielenikkuna.fi\/index.php?rest_route=\/wp\/v2\/pages\/65\/revisions\/451"}],"wp:attachment":[{"href":"https:\/\/mielenikkuna.fi\/index.php?rest_route=%2Fwp%2Fv2%2Fmedia&parent=65"}],"curies":[{"name":"wp","href":"https:\/\/api.w.org\/{rel}","templated":true}]}}