{"id":63,"date":"2017-09-18T07:34:40","date_gmt":"2017-09-18T07:34:40","guid":{"rendered":"https:\/\/mielenikkuna.fi\/?page_id=63"},"modified":"2023-07-25T08:51:50","modified_gmt":"2023-07-25T08:51:50","slug":"palvelut","status":"publish","type":"page","link":"https:\/\/mielenikkuna.fi\/?page_id=63","title":{"rendered":"Palvelut"},"content":{"rendered":"<div id=\"pl-63\"  class=\"panel-layout\" ><div id=\"pg-63-0\"  class=\"panel-grid panel-no-style\" ><div id=\"pgc-63-0-0\"  class=\"panel-grid-cell\" ><div id=\"panel-63-0-0-0\" class=\"so-panel widget widget_sow-editor panel-first-child panel-last-child\" data-index=\"0\" ><div\n\t\t\t\n\t\t\tclass=\"so-widget-sow-editor so-widget-sow-editor-base\"\n\t\t\t\n\t\t>\n<div class=\"siteorigin-widget-tinymce textwidget\">\n\t<p><strong><em>T\u00e4ll\u00e4 hetkell\u00e4 tarjoan perheterapeuttisia tukipalveluita vain Pirkanmaan Sy\u00f6p\u00e4yhdistyksen kautta\u00a0 vastaanotolleni ohjatuille lapsiperheasiakkaille.<\/em><\/strong><\/p>\n<p><strong>Tarjoan\u00a0keskustelutukea erityisesti fyysiseen sairastamiseen liittyen<\/strong><\/p>\n<ul>\n<li>sairastuneelle tai pitk\u00e4aikaissairaalle aikuiselle<\/li>\n<li>sairastuneen l\u00e4heisille (esim. puoliso, perhe, aikuiset lapset, isovanhemmat)<\/li>\n<li>sairastuneen tai pitk\u00e4aikaissairaan lapsen vanhemmille<\/li>\n<\/ul>\n<p><strong>Tuki voi olla esimerkiksi<\/strong><\/p>\n<ul>\n<li>keskusteluapua el\u00e4m\u00e4nkriisin l\u00e4pik\u00e4ymiseen yksin tai yhdess\u00e4 l\u00e4heisen kanssa<\/li>\n<li>konkreettisten auttajatahojen kartoittamista muuttuneeessa el\u00e4m\u00e4ntilanteessa<\/li>\n<li>apua sairaudesta kertomiseen l\u00e4heisille<\/li>\n<li>sairauden aiheuttamien muutosten pohtimista parsuhteessa ja sen toiminnassa<\/li>\n<li>muuttuneen perhedynamiikan ja perheen uusien \"pelis\u00e4\u00e4nt\u00f6jen\" pohtimista yksin tai yhdess\u00e4 perheenj\u00e4senten kanssa<\/li>\n<li>uusien voimavarojen miettimist\u00e4 yksil\u00f6n\u00e4 tai pariskuntana<\/li>\n<li>sukupolvikysymysten miettiminen eli kuinka sairastuminen vaikuttaa ja kuinka se huomioidaan useammassa sukupolvessa l\u00e4hipiiriss\u00e4<\/li>\n<\/ul>\n<\/div>\n<\/div><\/div><\/div><div id=\"pgc-63-0-1\"  class=\"panel-grid-cell\" ><div id=\"panel-63-0-1-0\" class=\"so-panel widget widget_sow-editor panel-first-child panel-last-child\" data-index=\"1\" ><div\n\t\t\t\n\t\t\tclass=\"so-widget-sow-editor so-widget-sow-editor-base\"\n\t\t\t\n\t\t>\n<div class=\"siteorigin-widget-tinymce textwidget\">\n\t<\/div>\n<\/div><\/div><\/div><\/div><\/div>","protected":false},"excerpt":{"rendered":"<p>T\u00e4ll\u00e4 hetkell\u00e4 tarjoan perheterapeuttisia tukipalveluita vain Pirkanmaan Sy\u00f6p\u00e4yhdistyksen kautta\u00a0 vastaanotolleni ohjatuille lapsiperheasiakkaille. Tarjoan\u00a0keskustelutukea erityisesti fyysiseen sairastamiseen liittyen sairastuneelle tai pitk\u00e4aikaissairaalle aikuiselle sairastuneen l\u00e4heisille (esim. puoliso, perhe, aikuiset lapset, isovanhemmat) sairastuneen tai pitk\u00e4aikaissairaan lapsen vanhemmille Tuki voi olla esimerkiksi keskusteluapua el\u00e4m\u00e4nkriisin l\u00e4pik\u00e4ymiseen yksin tai yhdess\u00e4 l\u00e4heisen kanssa konkreettisten auttajatahojen kartoittamista muuttuneeessa el\u00e4m\u00e4ntilanteessa apua sairaudesta kertomiseen l\u00e4heisille <a class=\"read-more\" href=\"https:\/\/mielenikkuna.fi\/?page_id=63\">Read More<\/a><\/p>\n","protected":false},"author":1,"featured_media":0,"parent":0,"menu_order":0,"comment_status":"closed","ping_status":"closed","template":"","meta":{"jetpack_post_was_ever_published":false,"footnotes":""},"class_list":["post-63","page","type-page","status-publish","hentry"],"yoast_head":"<!-- This site is optimized with the Yoast SEO plugin v27.5 - https:\/\/yoast.com\/product\/yoast-seo-wordpress\/ -->\n<title>Palvelut - PSYKOTERAPIAPALVELU MIELEN IKKUNA<\/title>\n<meta name=\"robots\" content=\"index, follow, max-snippet:-1, max-image-preview:large, max-video-preview:-1\" \/>\n<link rel=\"canonical\" href=\"https:\/\/mielenikkuna.fi\/?page_id=63\" \/>\n<meta property=\"og:locale\" content=\"fi_FI\" \/>\n<meta property=\"og:type\" content=\"article\" \/>\n<meta property=\"og:title\" content=\"Palvelut - PSYKOTERAPIAPALVELU MIELEN IKKUNA\" \/>\n<meta property=\"og:description\" content=\"T\u00e4ll\u00e4 hetkell\u00e4 tarjoan perheterapeuttisia tukipalveluita vain Pirkanmaan Sy\u00f6p\u00e4yhdistyksen kautta\u00a0 vastaanotolleni ohjatuille lapsiperheasiakkaille. Tarjoan\u00a0keskustelutukea erityisesti fyysiseen sairastamiseen liittyen sairastuneelle tai pitk\u00e4aikaissairaalle aikuiselle sairastuneen l\u00e4heisille (esim. puoliso, perhe, aikuiset lapset, isovanhemmat) sairastuneen tai pitk\u00e4aikaissairaan lapsen vanhemmille Tuki voi olla esimerkiksi keskusteluapua el\u00e4m\u00e4nkriisin l\u00e4pik\u00e4ymiseen yksin tai yhdess\u00e4 l\u00e4heisen kanssa konkreettisten auttajatahojen kartoittamista muuttuneeessa el\u00e4m\u00e4ntilanteessa apua sairaudesta kertomiseen l\u00e4heisille Read More\" \/>\n<meta property=\"og:url\" content=\"https:\/\/mielenikkuna.fi\/?page_id=63\" \/>\n<meta property=\"og:site_name\" content=\"PSYKOTERAPIAPALVELU MIELEN IKKUNA\" \/>\n<meta property=\"article:modified_time\" content=\"2023-07-25T08:51:50+00:00\" \/>\n<meta name=\"twitter:card\" content=\"summary_large_image\" \/>\n<meta name=\"twitter:label1\" content=\"Arvioitu lukuaika\" \/>\n\t<meta name=\"twitter:data1\" content=\"1 minuutti\" \/>\n<script type=\"application\/ld+json\" class=\"yoast-schema-graph\">{\"@context\":\"https:\\\/\\\/schema.org\",\"@graph\":[{\"@type\":\"WebPage\",\"@id\":\"https:\\\/\\\/mielenikkuna.fi\\\/?page_id=63\",\"url\":\"https:\\\/\\\/mielenikkuna.fi\\\/?page_id=63\",\"name\":\"Palvelut - PSYKOTERAPIAPALVELU MIELEN IKKUNA\",\"isPartOf\":{\"@id\":\"https:\\\/\\\/mielenikkuna.fi\\\/#website\"},\"datePublished\":\"2017-09-18T07:34:40+00:00\",\"dateModified\":\"2023-07-25T08:51:50+00:00\",\"breadcrumb\":{\"@id\":\"https:\\\/\\\/mielenikkuna.fi\\\/?page_id=63#breadcrumb\"},\"inLanguage\":\"fi\",\"potentialAction\":[{\"@type\":\"ReadAction\",\"target\":[\"https:\\\/\\\/mielenikkuna.fi\\\/?page_id=63\"]}]},{\"@type\":\"BreadcrumbList\",\"@id\":\"https:\\\/\\\/mielenikkuna.fi\\\/?page_id=63#breadcrumb\",\"itemListElement\":[{\"@type\":\"ListItem\",\"position\":1,\"name\":\"Home\",\"item\":\"https:\\\/\\\/mielenikkuna.fi\\\/\"},{\"@type\":\"ListItem\",\"position\":2,\"name\":\"Palvelut\"}]},{\"@type\":\"WebSite\",\"@id\":\"https:\\\/\\\/mielenikkuna.fi\\\/#website\",\"url\":\"https:\\\/\\\/mielenikkuna.fi\\\/\",\"name\":\"PSYKOTERAPIAPALVELU MIELEN IKKUNA\",\"description\":\"\",\"potentialAction\":[{\"@type\":\"SearchAction\",\"target\":{\"@type\":\"EntryPoint\",\"urlTemplate\":\"https:\\\/\\\/mielenikkuna.fi\\\/?s={search_term_string}\"},\"query-input\":{\"@type\":\"PropertyValueSpecification\",\"valueRequired\":true,\"valueName\":\"search_term_string\"}}],\"inLanguage\":\"fi\"}]}<\/script>\n<!-- \/ Yoast SEO plugin. -->","yoast_head_json":{"title":"Palvelut - PSYKOTERAPIAPALVELU MIELEN IKKUNA","robots":{"index":"index","follow":"follow","max-snippet":"max-snippet:-1","max-image-preview":"max-image-preview:large","max-video-preview":"max-video-preview:-1"},"canonical":"https:\/\/mielenikkuna.fi\/?page_id=63","og_locale":"fi_FI","og_type":"article","og_title":"Palvelut - PSYKOTERAPIAPALVELU MIELEN IKKUNA","og_description":"T\u00e4ll\u00e4 hetkell\u00e4 tarjoan perheterapeuttisia tukipalveluita vain Pirkanmaan Sy\u00f6p\u00e4yhdistyksen kautta\u00a0 vastaanotolleni ohjatuille lapsiperheasiakkaille. Tarjoan\u00a0keskustelutukea erityisesti fyysiseen sairastamiseen liittyen sairastuneelle tai pitk\u00e4aikaissairaalle aikuiselle sairastuneen l\u00e4heisille (esim. puoliso, perhe, aikuiset lapset, isovanhemmat) sairastuneen tai pitk\u00e4aikaissairaan lapsen vanhemmille Tuki voi olla esimerkiksi keskusteluapua el\u00e4m\u00e4nkriisin l\u00e4pik\u00e4ymiseen yksin tai yhdess\u00e4 l\u00e4heisen kanssa konkreettisten auttajatahojen kartoittamista muuttuneeessa el\u00e4m\u00e4ntilanteessa apua sairaudesta kertomiseen l\u00e4heisille Read More","og_url":"https:\/\/mielenikkuna.fi\/?page_id=63","og_site_name":"PSYKOTERAPIAPALVELU MIELEN IKKUNA","article_modified_time":"2023-07-25T08:51:50+00:00","twitter_card":"summary_large_image","twitter_misc":{"Arvioitu lukuaika":"1 minuutti"},"schema":{"@context":"https:\/\/schema.org","@graph":[{"@type":"WebPage","@id":"https:\/\/mielenikkuna.fi\/?page_id=63","url":"https:\/\/mielenikkuna.fi\/?page_id=63","name":"Palvelut - PSYKOTERAPIAPALVELU MIELEN IKKUNA","isPartOf":{"@id":"https:\/\/mielenikkuna.fi\/#website"},"datePublished":"2017-09-18T07:34:40+00:00","dateModified":"2023-07-25T08:51:50+00:00","breadcrumb":{"@id":"https:\/\/mielenikkuna.fi\/?page_id=63#breadcrumb"},"inLanguage":"fi","potentialAction":[{"@type":"ReadAction","target":["https:\/\/mielenikkuna.fi\/?page_id=63"]}]},{"@type":"BreadcrumbList","@id":"https:\/\/mielenikkuna.fi\/?page_id=63#breadcrumb","itemListElement":[{"@type":"ListItem","position":1,"name":"Home","item":"https:\/\/mielenikkuna.fi\/"},{"@type":"ListItem","position":2,"name":"Palvelut"}]},{"@type":"WebSite","@id":"https:\/\/mielenikkuna.fi\/#website","url":"https:\/\/mielenikkuna.fi\/","name":"PSYKOTERAPIAPALVELU MIELEN IKKUNA","description":"","potentialAction":[{"@type":"SearchAction","target":{"@type":"EntryPoint","urlTemplate":"https:\/\/mielenikkuna.fi\/?s={search_term_string}"},"query-input":{"@type":"PropertyValueSpecification","valueRequired":true,"valueName":"search_term_string"}}],"inLanguage":"fi"}]}},"jetpack_sharing_enabled":true,"jetpack_shortlink":"https:\/\/wp.me\/P9bYoq-11","_links":{"self":[{"href":"https:\/\/mielenikkuna.fi\/index.php?rest_route=\/wp\/v2\/pages\/63","targetHints":{"allow":["GET"]}}],"collection":[{"href":"https:\/\/mielenikkuna.fi\/index.php?rest_route=\/wp\/v2\/pages"}],"about":[{"href":"https:\/\/mielenikkuna.fi\/index.php?rest_route=\/wp\/v2\/types\/page"}],"author":[{"embeddable":true,"href":"https:\/\/mielenikkuna.fi\/index.php?rest_route=\/wp\/v2\/users\/1"}],"replies":[{"embeddable":true,"href":"https:\/\/mielenikkuna.fi\/index.php?rest_route=%2Fwp%2Fv2%2Fcomments&post=63"}],"version-history":[{"count":17,"href":"https:\/\/mielenikkuna.fi\/index.php?rest_route=\/wp\/v2\/pages\/63\/revisions"}],"predecessor-version":[{"id":453,"href":"https:\/\/mielenikkuna.fi\/index.php?rest_route=\/wp\/v2\/pages\/63\/revisions\/453"}],"wp:attachment":[{"href":"https:\/\/mielenikkuna.fi\/index.php?rest_route=%2Fwp%2Fv2%2Fmedia&parent=63"}],"curies":[{"name":"wp","href":"https:\/\/api.w.org\/{rel}","templated":true}]}}