{"id":58,"date":"2017-09-18T07:34:03","date_gmt":"2017-09-18T07:34:03","guid":{"rendered":"https:\/\/mielenikkuna.fi\/?page_id=58"},"modified":"2023-07-25T08:59:43","modified_gmt":"2023-07-25T08:59:43","slug":"etusivu","status":"publish","type":"page","link":"https:\/\/mielenikkuna.fi\/","title":{"rendered":"Etusivu"},"content":{"rendered":"<div id=\"pl-58\"  class=\"panel-layout\" ><div id=\"pg-58-0\"  class=\"panel-grid panel-has-style\" ><div class=\"siteorigin-panels-stretch panel-row-style panel-row-style-for-58-0\" data-stretch-type=\"full\" ><div id=\"pgc-58-0-0\"  class=\"panel-grid-cell\" ><div id=\"panel-58-0-0-0\" class=\"so-panel widget widget_sow-editor panel-first-child panel-last-child\" data-index=\"0\" ><div\n\t\t\t\n\t\t\tclass=\"so-widget-sow-editor so-widget-sow-editor-base\"\n\t\t\t\n\t\t>\n<div class=\"siteorigin-widget-tinymce textwidget\">\n\t<h3 style=\"text-align: center;\">\"Vierell\u00e4 kulkijana sairauden tai toipumisen tiell\u00e4\"<\/h3>\n<\/div>\n<\/div><\/div><\/div><\/div><\/div><div id=\"pg-58-1\"  class=\"panel-grid panel-no-style\" ><div id=\"pgc-58-1-0\"  class=\"panel-grid-cell\" ><div id=\"panel-58-1-0-0\" class=\"so-panel widget widget_sow-editor panel-first-child panel-last-child\" data-index=\"1\" ><div\n\t\t\t\n\t\t\tclass=\"so-widget-sow-editor so-widget-sow-editor-base\"\n\t\t\t\n\t\t>\n<div class=\"siteorigin-widget-tinymce textwidget\">\n\t<p style=\"text-align: center;\"><strong>Tervetuloa Psykoterapiapalvelu Mielen Ikkunan sivuille!<\/strong><\/p>\n<p style=\"text-align: center;\">Tarjoan keskusteluapua erilaisissa el\u00e4m\u00e4nkriisitilanteissa, erityisesti fyysiseen sairastamiseen liittyen nuorille, aikuisille ja\u00a0ik\u00e4\u00e4ntyneille. Puoleeni kannattaa k\u00e4\u00e4nty\u00e4 jos sinulla on surua, masennusta, el\u00e4m\u00e4nkriisi, ihmissuhde- tai parisuhdeongelmaa.<\/p>\n<p style=\"text-align: center;\">Jokaiselle meist\u00e4\u00a0saattaa joskus tulla hetki, jolloin\u00a0tarvitaan tukea ja ohjausta eteen tulleiden ongelmien ratkaisemiseksi.\u00a0Solmut voivat aueta v\u00e4hitellen, mutta nopeammin ammatillisen keskustelun, oivalluksien ja uusien n\u00e4k\u00f6kulmien kautta.<\/p>\n<p style=\"text-align: center;\">Voit tulla yksin, kaksin tai koko perheen kanssa. Halutessasi voin tulla vierailemaan my\u00f6s luonasi. Kaikki keskustelut ovat ehdottoman luottamuksellisia. Otan vastaan sovitun vastaanottoajan mukaan. Ajanvarauksen yksil\u00f6k\u00e4ynneille voi tehd\u00e4 puhelimitse tai nettiajanvarauksena. Pari- ja perhek\u00e4yntiajat sek\u00e4 kotik\u00e4ynnit voi varata vain puhelimitse.<\/p>\n<p style=\"text-align: center; padding-left: 30px;\"><strong>Olet tervetullut keskustelemaan kanssani!<\/strong><\/p>\n<p>\u00a0 \u00a0 \u00a0 \u00a0 \u00a0 \u00a0 \u00a0 \u00a0 \u00a0 \u00a0 \u00a0 \u00a0 \u00a0 \u00a0 \u00a0 \u00a0 \u00a0 \u00a0 \u00a0 \u00a0 \u00a0 \u00a0 \u00a0 \u00a0 \u00a0 \u00a0 \u00a0 \u00a0 \u00a0 \u00a0 \u00a0 \u00a0 \u00a0 \u00a0 \u00a0 \u00a0 \u00a0 \u00a0 \u00a0 \u00a0 \u00a0 \u00a0 \u00a0 \u00a0 \u00a0 \u00a0 \u00a0 \u00a0 \u00a0 \u00a0 \u00a0 \u00a0 \u00a0 \u00a0 \u00a0 \u00a0 \u00a0 \u00a0 \u00a0 \u00a0 \u00a0 \u00a0 \u00a0 \u00a0 \u00a0 \u00a0 \u00a0 <em>T\u00e4ll\u00e4 hetkell\u00e4 en valitettavasti pid\u00e4 yksityisvastaanottoa.<\/em><\/p>\n<p style=\"text-align: center; padding-left: 30px;\">Pari- ja perhepsykoterapeutti Marjo Pajari<\/p>\n<\/div>\n<\/div><\/div><\/div><\/div><div id=\"pg-58-2\"  class=\"panel-grid panel-no-style\" ><div id=\"pgc-58-2-0\"  class=\"panel-grid-cell panel-grid-cell-empty\" ><\/div><div id=\"pgc-58-2-1\"  class=\"panel-grid-cell\" ><div id=\"panel-58-2-1-0\" class=\"so-panel widget widget_sow-button panel-first-child panel-last-child\" data-index=\"2\" ><div\n\t\t\t\n\t\t\tclass=\"so-widget-sow-button so-widget-sow-button-flat-5394c45ad792-58\"\n\t\t\t\n\t\t><div class=\"ow-button-base ow-button-align-center\"\n>\n\t\t\t<a\n\t\t\t\t\thref=\"https:\/\/mielenikkuna.fi\/?page_id=149\"\n\t\t\t\t\tclass=\"sowb-button ow-icon-placement-left ow-button-hover\" \t>\n\t\t<span>\n\t\t\t<span class=\"sow-icon-fontawesome sow-fas\" data-sow-icon=\"&#xf004;\"\n\t\tstyle=\"color: #329b30\" \n\t\taria-hidden=\"true\"><\/span>\n\t\t\tOta yhteytt\u00e4\t\t<\/span>\n\t\t\t<\/a>\n\t<\/div>\n<\/div><\/div><\/div><div id=\"pgc-58-2-2\"  class=\"panel-grid-cell panel-grid-cell-mobile-last\" ><div id=\"panel-58-2-2-0\" class=\"so-panel widget widget_sow-button panel-first-child panel-last-child\" data-index=\"3\" ><div\n\t\t\t\n\t\t\tclass=\"so-widget-sow-button so-widget-sow-button-flat-5394c45ad792-58\"\n\t\t\t\n\t\t><div class=\"ow-button-base ow-button-align-center\"\n>\n\t\t\t<a\n\t\t\t\t\thref=\"https:\/\/mielenikkuna.fi\/?page_id=132\"\n\t\t\t\t\tclass=\"sowb-button ow-icon-placement-left ow-button-hover\" \t>\n\t\t<span>\n\t\t\t<span class=\"sow-icon-fontawesome sow-fas\" data-sow-icon=\"&#xf004;\"\n\t\tstyle=\"color: #329b30\" \n\t\taria-hidden=\"true\"><\/span>\n\t\t\tVaraa aika\t\t<\/span>\n\t\t\t<\/a>\n\t<\/div>\n<\/div><\/div><\/div><div id=\"pgc-58-2-3\"  class=\"panel-grid-cell panel-grid-cell-empty\" ><\/div><\/div><\/div>","protected":false},"excerpt":{"rendered":"<p>&#8221;Vierell\u00e4 kulkijana sairauden tai toipumisen tiell\u00e4&#8221; Tervetuloa Psykoterapiapalvelu Mielen Ikkunan sivuille! Tarjoan keskusteluapua erilaisissa el\u00e4m\u00e4nkriisitilanteissa, erityisesti fyysiseen sairastamiseen liittyen nuorille, aikuisille ja\u00a0ik\u00e4\u00e4ntyneille. Puoleeni kannattaa k\u00e4\u00e4nty\u00e4 jos sinulla on surua, masennusta, el\u00e4m\u00e4nkriisi, ihmissuhde- tai parisuhdeongelmaa. Jokaiselle meist\u00e4\u00a0saattaa joskus tulla hetki, jolloin\u00a0tarvitaan tukea ja ohjausta eteen tulleiden ongelmien ratkaisemiseksi.\u00a0Solmut voivat aueta v\u00e4hitellen, mutta nopeammin ammatillisen keskustelun, oivalluksien <a class=\"read-more\" href=\"https:\/\/mielenikkuna.fi\/\">Read More<\/a><\/p>\n","protected":false},"author":1,"featured_media":0,"parent":0,"menu_order":0,"comment_status":"closed","ping_status":"closed","template":"template-full-width.php","meta":{"jetpack_post_was_ever_published":false,"footnotes":""},"class_list":["post-58","page","type-page","status-publish","hentry"],"yoast_head":"<!-- This site is optimized with the Yoast SEO plugin v27.5 - https:\/\/yoast.com\/product\/yoast-seo-wordpress\/ -->\n<title>Etusivu - PSYKOTERAPIAPALVELU MIELEN IKKUNA<\/title>\n<meta name=\"robots\" content=\"index, follow, max-snippet:-1, max-image-preview:large, max-video-preview:-1\" \/>\n<link rel=\"canonical\" href=\"https:\/\/mielenikkuna.fi\/\" \/>\n<meta property=\"og:locale\" content=\"fi_FI\" \/>\n<meta property=\"og:type\" content=\"article\" \/>\n<meta property=\"og:title\" content=\"Etusivu - PSYKOTERAPIAPALVELU MIELEN IKKUNA\" \/>\n<meta property=\"og:description\" content=\"&quot;Vierell\u00e4 kulkijana sairauden tai toipumisen tiell\u00e4&quot; Tervetuloa Psykoterapiapalvelu Mielen Ikkunan sivuille! Tarjoan keskusteluapua erilaisissa el\u00e4m\u00e4nkriisitilanteissa, erityisesti fyysiseen sairastamiseen liittyen nuorille, aikuisille ja\u00a0ik\u00e4\u00e4ntyneille. Puoleeni kannattaa k\u00e4\u00e4nty\u00e4 jos sinulla on surua, masennusta, el\u00e4m\u00e4nkriisi, ihmissuhde- tai parisuhdeongelmaa. Jokaiselle meist\u00e4\u00a0saattaa joskus tulla hetki, jolloin\u00a0tarvitaan tukea ja ohjausta eteen tulleiden ongelmien ratkaisemiseksi.\u00a0Solmut voivat aueta v\u00e4hitellen, mutta nopeammin ammatillisen keskustelun, oivalluksien Read More\" \/>\n<meta property=\"og:url\" content=\"https:\/\/mielenikkuna.fi\/\" \/>\n<meta property=\"og:site_name\" content=\"PSYKOTERAPIAPALVELU MIELEN IKKUNA\" \/>\n<meta property=\"article:modified_time\" content=\"2023-07-25T08:59:43+00:00\" \/>\n<meta name=\"twitter:card\" content=\"summary_large_image\" \/>\n<meta name=\"twitter:label1\" content=\"Arvioitu lukuaika\" \/>\n\t<meta name=\"twitter:data1\" content=\"1 minuutti\" \/>\n<script type=\"application\/ld+json\" class=\"yoast-schema-graph\">{\"@context\":\"https:\\\/\\\/schema.org\",\"@graph\":[{\"@type\":\"WebPage\",\"@id\":\"https:\\\/\\\/mielenikkuna.fi\\\/\",\"url\":\"https:\\\/\\\/mielenikkuna.fi\\\/\",\"name\":\"Etusivu - PSYKOTERAPIAPALVELU MIELEN IKKUNA\",\"isPartOf\":{\"@id\":\"https:\\\/\\\/mielenikkuna.fi\\\/#website\"},\"datePublished\":\"2017-09-18T07:34:03+00:00\",\"dateModified\":\"2023-07-25T08:59:43+00:00\",\"breadcrumb\":{\"@id\":\"https:\\\/\\\/mielenikkuna.fi\\\/#breadcrumb\"},\"inLanguage\":\"fi\",\"potentialAction\":[{\"@type\":\"ReadAction\",\"target\":[\"https:\\\/\\\/mielenikkuna.fi\\\/\"]}]},{\"@type\":\"BreadcrumbList\",\"@id\":\"https:\\\/\\\/mielenikkuna.fi\\\/#breadcrumb\",\"itemListElement\":[{\"@type\":\"ListItem\",\"position\":1,\"name\":\"Home\",\"item\":\"https:\\\/\\\/mielenikkuna.fi\\\/\"},{\"@type\":\"ListItem\",\"position\":2,\"name\":\"Etusivu\"}]},{\"@type\":\"WebSite\",\"@id\":\"https:\\\/\\\/mielenikkuna.fi\\\/#website\",\"url\":\"https:\\\/\\\/mielenikkuna.fi\\\/\",\"name\":\"PSYKOTERAPIAPALVELU MIELEN IKKUNA\",\"description\":\"\",\"potentialAction\":[{\"@type\":\"SearchAction\",\"target\":{\"@type\":\"EntryPoint\",\"urlTemplate\":\"https:\\\/\\\/mielenikkuna.fi\\\/?s={search_term_string}\"},\"query-input\":{\"@type\":\"PropertyValueSpecification\",\"valueRequired\":true,\"valueName\":\"search_term_string\"}}],\"inLanguage\":\"fi\"}]}<\/script>\n<!-- \/ Yoast SEO plugin. -->","yoast_head_json":{"title":"Etusivu - PSYKOTERAPIAPALVELU MIELEN IKKUNA","robots":{"index":"index","follow":"follow","max-snippet":"max-snippet:-1","max-image-preview":"max-image-preview:large","max-video-preview":"max-video-preview:-1"},"canonical":"https:\/\/mielenikkuna.fi\/","og_locale":"fi_FI","og_type":"article","og_title":"Etusivu - PSYKOTERAPIAPALVELU MIELEN IKKUNA","og_description":"\"Vierell\u00e4 kulkijana sairauden tai toipumisen tiell\u00e4\" Tervetuloa Psykoterapiapalvelu Mielen Ikkunan sivuille! Tarjoan keskusteluapua erilaisissa el\u00e4m\u00e4nkriisitilanteissa, erityisesti fyysiseen sairastamiseen liittyen nuorille, aikuisille ja\u00a0ik\u00e4\u00e4ntyneille. Puoleeni kannattaa k\u00e4\u00e4nty\u00e4 jos sinulla on surua, masennusta, el\u00e4m\u00e4nkriisi, ihmissuhde- tai parisuhdeongelmaa. Jokaiselle meist\u00e4\u00a0saattaa joskus tulla hetki, jolloin\u00a0tarvitaan tukea ja ohjausta eteen tulleiden ongelmien ratkaisemiseksi.\u00a0Solmut voivat aueta v\u00e4hitellen, mutta nopeammin ammatillisen keskustelun, oivalluksien Read More","og_url":"https:\/\/mielenikkuna.fi\/","og_site_name":"PSYKOTERAPIAPALVELU MIELEN IKKUNA","article_modified_time":"2023-07-25T08:59:43+00:00","twitter_card":"summary_large_image","twitter_misc":{"Arvioitu lukuaika":"1 minuutti"},"schema":{"@context":"https:\/\/schema.org","@graph":[{"@type":"WebPage","@id":"https:\/\/mielenikkuna.fi\/","url":"https:\/\/mielenikkuna.fi\/","name":"Etusivu - PSYKOTERAPIAPALVELU MIELEN IKKUNA","isPartOf":{"@id":"https:\/\/mielenikkuna.fi\/#website"},"datePublished":"2017-09-18T07:34:03+00:00","dateModified":"2023-07-25T08:59:43+00:00","breadcrumb":{"@id":"https:\/\/mielenikkuna.fi\/#breadcrumb"},"inLanguage":"fi","potentialAction":[{"@type":"ReadAction","target":["https:\/\/mielenikkuna.fi\/"]}]},{"@type":"BreadcrumbList","@id":"https:\/\/mielenikkuna.fi\/#breadcrumb","itemListElement":[{"@type":"ListItem","position":1,"name":"Home","item":"https:\/\/mielenikkuna.fi\/"},{"@type":"ListItem","position":2,"name":"Etusivu"}]},{"@type":"WebSite","@id":"https:\/\/mielenikkuna.fi\/#website","url":"https:\/\/mielenikkuna.fi\/","name":"PSYKOTERAPIAPALVELU MIELEN IKKUNA","description":"","potentialAction":[{"@type":"SearchAction","target":{"@type":"EntryPoint","urlTemplate":"https:\/\/mielenikkuna.fi\/?s={search_term_string}"},"query-input":{"@type":"PropertyValueSpecification","valueRequired":true,"valueName":"search_term_string"}}],"inLanguage":"fi"}]}},"jetpack_sharing_enabled":true,"jetpack_shortlink":"https:\/\/wp.me\/P9bYoq-W","_links":{"self":[{"href":"https:\/\/mielenikkuna.fi\/index.php?rest_route=\/wp\/v2\/pages\/58","targetHints":{"allow":["GET"]}}],"collection":[{"href":"https:\/\/mielenikkuna.fi\/index.php?rest_route=\/wp\/v2\/pages"}],"about":[{"href":"https:\/\/mielenikkuna.fi\/index.php?rest_route=\/wp\/v2\/types\/page"}],"author":[{"embeddable":true,"href":"https:\/\/mielenikkuna.fi\/index.php?rest_route=\/wp\/v2\/users\/1"}],"replies":[{"embeddable":true,"href":"https:\/\/mielenikkuna.fi\/index.php?rest_route=%2Fwp%2Fv2%2Fcomments&post=58"}],"version-history":[{"count":63,"href":"https:\/\/mielenikkuna.fi\/index.php?rest_route=\/wp\/v2\/pages\/58\/revisions"}],"predecessor-version":[{"id":459,"href":"https:\/\/mielenikkuna.fi\/index.php?rest_route=\/wp\/v2\/pages\/58\/revisions\/459"}],"wp:attachment":[{"href":"https:\/\/mielenikkuna.fi\/index.php?rest_route=%2Fwp%2Fv2%2Fmedia&parent=58"}],"curies":[{"name":"wp","href":"https:\/\/api.w.org\/{rel}","templated":true}]}}