{"id":171,"date":"2017-09-20T10:52:35","date_gmt":"2017-09-20T10:52:35","guid":{"rendered":"https:\/\/mielenikkuna.fi\/?page_id=171"},"modified":"2017-12-03T08:30:29","modified_gmt":"2017-12-03T08:30:29","slug":"kotikaynnit","status":"publish","type":"page","link":"https:\/\/mielenikkuna.fi\/?page_id=171","title":{"rendered":"Kotik\u00e4ynnit"},"content":{"rendered":"<div id=\"pl-171\"  class=\"panel-layout\" ><div id=\"pg-171-0\"  class=\"panel-grid panel-no-style\" ><div id=\"pgc-171-0-0\"  class=\"panel-grid-cell\" ><div id=\"panel-171-0-0-0\" class=\"so-panel widget widget_sow-editor panel-first-child panel-last-child\" data-index=\"0\" ><div\n\t\t\t\n\t\t\tclass=\"so-widget-sow-editor so-widget-sow-editor-base\"\n\t\t\t\n\t\t>\n<div class=\"siteorigin-widget-tinymce textwidget\">\n\t<p><strong>Teen tarvittaessa kotik\u00e4yntej\u00e4 Tampereen alueella.<\/strong><br \/>\nKotik\u00e4ynti voi tulla kysymykseen esim. silloin, kun asiakas ei voi tai jaksa kuntonsa vuoksi tulla vastaanotolle.<\/p>\n<p>Perhek\u00e4ynti on usein my\u00f6s luonteva j\u00e4rjest\u00e4\u00e4 kotona. Perhek\u00e4ynnin voi varata esimerkiksi \u00e4killisen sairastumisen kohdatessa yht\u00e4 perheen j\u00e4sent\u00e4. Perhek\u00e4ynnille voi pyyt\u00e4\u00e4 ydinperheen lis\u00e4ksi esimerkiksi isovanhemmat tai muita perheen l\u00e4heisi\u00e4 ihmisi\u00e4.<\/p>\n<\/div>\n<\/div><\/div><\/div><div id=\"pgc-171-0-1\"  class=\"panel-grid-cell\" ><div id=\"panel-171-0-1-0\" class=\"so-panel widget widget_sow-editor panel-first-child panel-last-child\" data-index=\"1\" ><div\n\t\t\t\n\t\t\tclass=\"so-widget-sow-editor so-widget-sow-editor-base\"\n\t\t\t\n\t\t>\n<div class=\"siteorigin-widget-tinymce textwidget\">\n\t<\/div>\n<\/div><\/div><\/div><\/div><\/div>","protected":false},"excerpt":{"rendered":"<p>Teen tarvittaessa kotik\u00e4yntej\u00e4 Tampereen alueella. Kotik\u00e4ynti voi tulla kysymykseen esim. silloin, kun asiakas ei voi tai jaksa kuntonsa vuoksi tulla vastaanotolle. Perhek\u00e4ynti on usein my\u00f6s luonteva j\u00e4rjest\u00e4\u00e4 kotona. Perhek\u00e4ynnin voi varata esimerkiksi \u00e4killisen sairastumisen kohdatessa yht\u00e4 perheen j\u00e4sent\u00e4. Perhek\u00e4ynnille voi pyyt\u00e4\u00e4 ydinperheen lis\u00e4ksi esimerkiksi isovanhemmat tai muita perheen l\u00e4heisi\u00e4 ihmisi\u00e4.<\/p>\n","protected":false},"author":1,"featured_media":0,"parent":63,"menu_order":0,"comment_status":"closed","ping_status":"closed","template":"","meta":{"jetpack_post_was_ever_published":false,"footnotes":""},"class_list":["post-171","page","type-page","status-publish","hentry"],"yoast_head":"<!-- This site is optimized with the Yoast SEO plugin v27.5 - https:\/\/yoast.com\/product\/yoast-seo-wordpress\/ -->\n<title>Kotik\u00e4ynnit - PSYKOTERAPIAPALVELU MIELEN IKKUNA<\/title>\n<meta name=\"robots\" content=\"index, follow, max-snippet:-1, max-image-preview:large, max-video-preview:-1\" \/>\n<link rel=\"canonical\" href=\"https:\/\/mielenikkuna.fi\/?page_id=171\" \/>\n<meta property=\"og:locale\" content=\"fi_FI\" \/>\n<meta property=\"og:type\" content=\"article\" \/>\n<meta property=\"og:title\" content=\"Kotik\u00e4ynnit - PSYKOTERAPIAPALVELU MIELEN IKKUNA\" \/>\n<meta property=\"og:description\" content=\"Teen tarvittaessa kotik\u00e4yntej\u00e4 Tampereen alueella. Kotik\u00e4ynti voi tulla kysymykseen esim. silloin, kun asiakas ei voi tai jaksa kuntonsa vuoksi tulla vastaanotolle. Perhek\u00e4ynti on usein my\u00f6s luonteva j\u00e4rjest\u00e4\u00e4 kotona. Perhek\u00e4ynnin voi varata esimerkiksi \u00e4killisen sairastumisen kohdatessa yht\u00e4 perheen j\u00e4sent\u00e4. Perhek\u00e4ynnille voi pyyt\u00e4\u00e4 ydinperheen lis\u00e4ksi esimerkiksi isovanhemmat tai muita perheen l\u00e4heisi\u00e4 ihmisi\u00e4.\" \/>\n<meta property=\"og:url\" content=\"https:\/\/mielenikkuna.fi\/?page_id=171\" \/>\n<meta property=\"og:site_name\" content=\"PSYKOTERAPIAPALVELU MIELEN IKKUNA\" \/>\n<meta property=\"article:modified_time\" content=\"2017-12-03T08:30:29+00:00\" \/>\n<meta name=\"twitter:card\" content=\"summary_large_image\" \/>\n<script type=\"application\/ld+json\" class=\"yoast-schema-graph\">{\"@context\":\"https:\\\/\\\/schema.org\",\"@graph\":[{\"@type\":\"WebPage\",\"@id\":\"https:\\\/\\\/mielenikkuna.fi\\\/?page_id=171\",\"url\":\"https:\\\/\\\/mielenikkuna.fi\\\/?page_id=171\",\"name\":\"Kotik\u00e4ynnit - PSYKOTERAPIAPALVELU MIELEN IKKUNA\",\"isPartOf\":{\"@id\":\"https:\\\/\\\/mielenikkuna.fi\\\/#website\"},\"datePublished\":\"2017-09-20T10:52:35+00:00\",\"dateModified\":\"2017-12-03T08:30:29+00:00\",\"breadcrumb\":{\"@id\":\"https:\\\/\\\/mielenikkuna.fi\\\/?page_id=171#breadcrumb\"},\"inLanguage\":\"fi\",\"potentialAction\":[{\"@type\":\"ReadAction\",\"target\":[\"https:\\\/\\\/mielenikkuna.fi\\\/?page_id=171\"]}]},{\"@type\":\"BreadcrumbList\",\"@id\":\"https:\\\/\\\/mielenikkuna.fi\\\/?page_id=171#breadcrumb\",\"itemListElement\":[{\"@type\":\"ListItem\",\"position\":1,\"name\":\"Home\",\"item\":\"https:\\\/\\\/mielenikkuna.fi\\\/\"},{\"@type\":\"ListItem\",\"position\":2,\"name\":\"Palvelut\",\"item\":\"https:\\\/\\\/mielenikkuna.fi\\\/?page_id=63\"},{\"@type\":\"ListItem\",\"position\":3,\"name\":\"Kotik\u00e4ynnit\"}]},{\"@type\":\"WebSite\",\"@id\":\"https:\\\/\\\/mielenikkuna.fi\\\/#website\",\"url\":\"https:\\\/\\\/mielenikkuna.fi\\\/\",\"name\":\"PSYKOTERAPIAPALVELU MIELEN IKKUNA\",\"description\":\"\",\"potentialAction\":[{\"@type\":\"SearchAction\",\"target\":{\"@type\":\"EntryPoint\",\"urlTemplate\":\"https:\\\/\\\/mielenikkuna.fi\\\/?s={search_term_string}\"},\"query-input\":{\"@type\":\"PropertyValueSpecification\",\"valueRequired\":true,\"valueName\":\"search_term_string\"}}],\"inLanguage\":\"fi\"}]}<\/script>\n<!-- \/ Yoast SEO plugin. -->","yoast_head_json":{"title":"Kotik\u00e4ynnit - PSYKOTERAPIAPALVELU MIELEN IKKUNA","robots":{"index":"index","follow":"follow","max-snippet":"max-snippet:-1","max-image-preview":"max-image-preview:large","max-video-preview":"max-video-preview:-1"},"canonical":"https:\/\/mielenikkuna.fi\/?page_id=171","og_locale":"fi_FI","og_type":"article","og_title":"Kotik\u00e4ynnit - PSYKOTERAPIAPALVELU MIELEN IKKUNA","og_description":"Teen tarvittaessa kotik\u00e4yntej\u00e4 Tampereen alueella. Kotik\u00e4ynti voi tulla kysymykseen esim. silloin, kun asiakas ei voi tai jaksa kuntonsa vuoksi tulla vastaanotolle. Perhek\u00e4ynti on usein my\u00f6s luonteva j\u00e4rjest\u00e4\u00e4 kotona. Perhek\u00e4ynnin voi varata esimerkiksi \u00e4killisen sairastumisen kohdatessa yht\u00e4 perheen j\u00e4sent\u00e4. Perhek\u00e4ynnille voi pyyt\u00e4\u00e4 ydinperheen lis\u00e4ksi esimerkiksi isovanhemmat tai muita perheen l\u00e4heisi\u00e4 ihmisi\u00e4.","og_url":"https:\/\/mielenikkuna.fi\/?page_id=171","og_site_name":"PSYKOTERAPIAPALVELU MIELEN IKKUNA","article_modified_time":"2017-12-03T08:30:29+00:00","twitter_card":"summary_large_image","schema":{"@context":"https:\/\/schema.org","@graph":[{"@type":"WebPage","@id":"https:\/\/mielenikkuna.fi\/?page_id=171","url":"https:\/\/mielenikkuna.fi\/?page_id=171","name":"Kotik\u00e4ynnit - PSYKOTERAPIAPALVELU MIELEN IKKUNA","isPartOf":{"@id":"https:\/\/mielenikkuna.fi\/#website"},"datePublished":"2017-09-20T10:52:35+00:00","dateModified":"2017-12-03T08:30:29+00:00","breadcrumb":{"@id":"https:\/\/mielenikkuna.fi\/?page_id=171#breadcrumb"},"inLanguage":"fi","potentialAction":[{"@type":"ReadAction","target":["https:\/\/mielenikkuna.fi\/?page_id=171"]}]},{"@type":"BreadcrumbList","@id":"https:\/\/mielenikkuna.fi\/?page_id=171#breadcrumb","itemListElement":[{"@type":"ListItem","position":1,"name":"Home","item":"https:\/\/mielenikkuna.fi\/"},{"@type":"ListItem","position":2,"name":"Palvelut","item":"https:\/\/mielenikkuna.fi\/?page_id=63"},{"@type":"ListItem","position":3,"name":"Kotik\u00e4ynnit"}]},{"@type":"WebSite","@id":"https:\/\/mielenikkuna.fi\/#website","url":"https:\/\/mielenikkuna.fi\/","name":"PSYKOTERAPIAPALVELU MIELEN IKKUNA","description":"","potentialAction":[{"@type":"SearchAction","target":{"@type":"EntryPoint","urlTemplate":"https:\/\/mielenikkuna.fi\/?s={search_term_string}"},"query-input":{"@type":"PropertyValueSpecification","valueRequired":true,"valueName":"search_term_string"}}],"inLanguage":"fi"}]}},"jetpack_sharing_enabled":true,"jetpack_shortlink":"https:\/\/wp.me\/P9bYoq-2L","_links":{"self":[{"href":"https:\/\/mielenikkuna.fi\/index.php?rest_route=\/wp\/v2\/pages\/171","targetHints":{"allow":["GET"]}}],"collection":[{"href":"https:\/\/mielenikkuna.fi\/index.php?rest_route=\/wp\/v2\/pages"}],"about":[{"href":"https:\/\/mielenikkuna.fi\/index.php?rest_route=\/wp\/v2\/types\/page"}],"author":[{"embeddable":true,"href":"https:\/\/mielenikkuna.fi\/index.php?rest_route=\/wp\/v2\/users\/1"}],"replies":[{"embeddable":true,"href":"https:\/\/mielenikkuna.fi\/index.php?rest_route=%2Fwp%2Fv2%2Fcomments&post=171"}],"version-history":[{"count":5,"href":"https:\/\/mielenikkuna.fi\/index.php?rest_route=\/wp\/v2\/pages\/171\/revisions"}],"predecessor-version":[{"id":305,"href":"https:\/\/mielenikkuna.fi\/index.php?rest_route=\/wp\/v2\/pages\/171\/revisions\/305"}],"up":[{"embeddable":true,"href":"https:\/\/mielenikkuna.fi\/index.php?rest_route=\/wp\/v2\/pages\/63"}],"wp:attachment":[{"href":"https:\/\/mielenikkuna.fi\/index.php?rest_route=%2Fwp%2Fv2%2Fmedia&parent=171"}],"curies":[{"name":"wp","href":"https:\/\/api.w.org\/{rel}","templated":true}]}}