{"id":169,"date":"2017-09-20T10:52:23","date_gmt":"2017-09-20T10:52:23","guid":{"rendered":"https:\/\/mielenikkuna.fi\/?page_id=169"},"modified":"2017-12-03T08:27:47","modified_gmt":"2017-12-03T08:27:47","slug":"perhekaynnit","status":"publish","type":"page","link":"https:\/\/mielenikkuna.fi\/?page_id=169","title":{"rendered":"Perhek\u00e4ynnit"},"content":{"rendered":"<div id=\"pl-169\"  class=\"panel-layout\" ><div id=\"pg-169-0\"  class=\"panel-grid panel-no-style\" ><div id=\"pgc-169-0-0\"  class=\"panel-grid-cell\" ><div id=\"panel-169-0-0-0\" class=\"so-panel widget widget_sow-editor panel-first-child panel-last-child\" data-index=\"0\" ><div\n\t\t\t\n\t\t\tclass=\"so-widget-sow-editor so-widget-sow-editor-base\"\n\t\t\t\n\t\t>\n<div class=\"siteorigin-widget-tinymce textwidget\">\n\t<p>Usein yhden perheenj\u00e4senen sairastuttua koko perheen dynamiikka ja toimintatavat muuttuvat. Joskus sairastuminen on \u00e4killist\u00e4 ja hyvin vakavaa. Toisinaan\u00a0\u00a0sairaus taas hiipii hiljalleen perheen el\u00e4m\u00e4\u00e4n. Sairauden ja sairastuminen ei kannata antaa muuttua perheess\u00e4 \"m\u00f6r\u00f6ksi\" eli\u00a0puheenaiheehksi, josta ei voi puhua. Eik\u00e4 puhumattomuuden kannata antaa jatkua liian pitk\u00e4\u00e4n. Usein my\u00f6s ajatellaan, ett\u00e4 lasten suojelemiseksi sairaudesta ja sen ennusteesta ei kannata puhua.<\/p>\n<p>Perhek\u00e4ynnill\u00e4 voidaan ottaa pelottaviltakin tuntuvat asiat yhdess\u00e4 puheeksi. Perhek\u00e4ynnin voi tarvittaessa j\u00e4rjest\u00e4\u00e4 my\u00f6s kotona.<\/p>\n<p>My\u00f6s perheenj\u00e4senille l\u00f6ytyy erilaisia sairauskohtaisia vertaistukiryhmi\u00e4 - ja kursseja, joita kannattaa hy\u00f6dynt\u00e4\u00e4!<\/p>\n<\/div>\n<\/div><\/div><\/div><div id=\"pgc-169-0-1\"  class=\"panel-grid-cell\" ><div id=\"panel-169-0-1-0\" class=\"so-panel widget widget_sow-editor panel-first-child panel-last-child\" data-index=\"1\" ><div\n\t\t\t\n\t\t\tclass=\"so-widget-sow-editor so-widget-sow-editor-base\"\n\t\t\t\n\t\t>\n<div class=\"siteorigin-widget-tinymce textwidget\">\n\t<\/div>\n<\/div><\/div><\/div><\/div><\/div>","protected":false},"excerpt":{"rendered":"<p>Usein yhden perheenj\u00e4senen sairastuttua koko perheen dynamiikka ja toimintatavat muuttuvat. Joskus sairastuminen on \u00e4killist\u00e4 ja hyvin vakavaa. Toisinaan\u00a0\u00a0sairaus taas hiipii hiljalleen perheen el\u00e4m\u00e4\u00e4n. Sairauden ja sairastuminen ei kannata antaa muuttua perheess\u00e4 &#8221;m\u00f6r\u00f6ksi&#8221; eli\u00a0puheenaiheehksi, josta ei voi puhua. Eik\u00e4 puhumattomuuden kannata antaa jatkua liian pitk\u00e4\u00e4n. Usein my\u00f6s ajatellaan, ett\u00e4 lasten suojelemiseksi sairaudesta ja sen ennusteesta ei <a class=\"read-more\" href=\"https:\/\/mielenikkuna.fi\/?page_id=169\">Read More<\/a><\/p>\n","protected":false},"author":1,"featured_media":0,"parent":63,"menu_order":0,"comment_status":"closed","ping_status":"closed","template":"","meta":{"footnotes":""},"class_list":["post-169","page","type-page","status-publish","hentry"],"yoast_head":"<!-- This site is optimized with the Yoast SEO plugin v27.6 - https:\/\/yoast.com\/product\/yoast-seo-wordpress\/ -->\n<title>Perhek\u00e4ynnit - PSYKOTERAPIAPALVELU MIELEN IKKUNA<\/title>\n<meta name=\"robots\" content=\"index, follow, max-snippet:-1, max-image-preview:large, max-video-preview:-1\" \/>\n<link rel=\"canonical\" href=\"https:\/\/mielenikkuna.fi\/?page_id=169\" \/>\n<meta property=\"og:locale\" content=\"fi_FI\" \/>\n<meta property=\"og:type\" content=\"article\" \/>\n<meta property=\"og:title\" content=\"Perhek\u00e4ynnit - PSYKOTERAPIAPALVELU MIELEN IKKUNA\" \/>\n<meta property=\"og:description\" content=\"Usein yhden perheenj\u00e4senen sairastuttua koko perheen dynamiikka ja toimintatavat muuttuvat. Joskus sairastuminen on \u00e4killist\u00e4 ja hyvin vakavaa. Toisinaan\u00a0\u00a0sairaus taas hiipii hiljalleen perheen el\u00e4m\u00e4\u00e4n. Sairauden ja sairastuminen ei kannata antaa muuttua perheess\u00e4 &quot;m\u00f6r\u00f6ksi&quot; eli\u00a0puheenaiheehksi, josta ei voi puhua. Eik\u00e4 puhumattomuuden kannata antaa jatkua liian pitk\u00e4\u00e4n. Usein my\u00f6s ajatellaan, ett\u00e4 lasten suojelemiseksi sairaudesta ja sen ennusteesta ei Read More\" \/>\n<meta property=\"og:url\" content=\"https:\/\/mielenikkuna.fi\/?page_id=169\" \/>\n<meta property=\"og:site_name\" content=\"PSYKOTERAPIAPALVELU MIELEN IKKUNA\" \/>\n<meta property=\"article:modified_time\" content=\"2017-12-03T08:27:47+00:00\" \/>\n<meta name=\"twitter:card\" content=\"summary_large_image\" \/>\n<meta name=\"twitter:label1\" content=\"Arvioitu lukuaika\" \/>\n\t<meta name=\"twitter:data1\" content=\"1 minuutti\" \/>\n<script type=\"application\/ld+json\" class=\"yoast-schema-graph\">{\"@context\":\"https:\\\/\\\/schema.org\",\"@graph\":[{\"@type\":\"WebPage\",\"@id\":\"https:\\\/\\\/mielenikkuna.fi\\\/?page_id=169\",\"url\":\"https:\\\/\\\/mielenikkuna.fi\\\/?page_id=169\",\"name\":\"Perhek\u00e4ynnit - PSYKOTERAPIAPALVELU MIELEN IKKUNA\",\"isPartOf\":{\"@id\":\"https:\\\/\\\/mielenikkuna.fi\\\/#website\"},\"datePublished\":\"2017-09-20T10:52:23+00:00\",\"dateModified\":\"2017-12-03T08:27:47+00:00\",\"breadcrumb\":{\"@id\":\"https:\\\/\\\/mielenikkuna.fi\\\/?page_id=169#breadcrumb\"},\"inLanguage\":\"fi\",\"potentialAction\":[{\"@type\":\"ReadAction\",\"target\":[\"https:\\\/\\\/mielenikkuna.fi\\\/?page_id=169\"]}]},{\"@type\":\"BreadcrumbList\",\"@id\":\"https:\\\/\\\/mielenikkuna.fi\\\/?page_id=169#breadcrumb\",\"itemListElement\":[{\"@type\":\"ListItem\",\"position\":1,\"name\":\"Home\",\"item\":\"https:\\\/\\\/mielenikkuna.fi\\\/\"},{\"@type\":\"ListItem\",\"position\":2,\"name\":\"Palvelut\",\"item\":\"https:\\\/\\\/mielenikkuna.fi\\\/?page_id=63\"},{\"@type\":\"ListItem\",\"position\":3,\"name\":\"Perhek\u00e4ynnit\"}]},{\"@type\":\"WebSite\",\"@id\":\"https:\\\/\\\/mielenikkuna.fi\\\/#website\",\"url\":\"https:\\\/\\\/mielenikkuna.fi\\\/\",\"name\":\"PSYKOTERAPIAPALVELU MIELEN IKKUNA\",\"description\":\"\",\"potentialAction\":[{\"@type\":\"SearchAction\",\"target\":{\"@type\":\"EntryPoint\",\"urlTemplate\":\"https:\\\/\\\/mielenikkuna.fi\\\/?s={search_term_string}\"},\"query-input\":{\"@type\":\"PropertyValueSpecification\",\"valueRequired\":true,\"valueName\":\"search_term_string\"}}],\"inLanguage\":\"fi\"}]}<\/script>\n<!-- \/ Yoast SEO plugin. -->","yoast_head_json":{"title":"Perhek\u00e4ynnit - PSYKOTERAPIAPALVELU MIELEN IKKUNA","robots":{"index":"index","follow":"follow","max-snippet":"max-snippet:-1","max-image-preview":"max-image-preview:large","max-video-preview":"max-video-preview:-1"},"canonical":"https:\/\/mielenikkuna.fi\/?page_id=169","og_locale":"fi_FI","og_type":"article","og_title":"Perhek\u00e4ynnit - PSYKOTERAPIAPALVELU MIELEN IKKUNA","og_description":"Usein yhden perheenj\u00e4senen sairastuttua koko perheen dynamiikka ja toimintatavat muuttuvat. Joskus sairastuminen on \u00e4killist\u00e4 ja hyvin vakavaa. Toisinaan\u00a0\u00a0sairaus taas hiipii hiljalleen perheen el\u00e4m\u00e4\u00e4n. Sairauden ja sairastuminen ei kannata antaa muuttua perheess\u00e4 \"m\u00f6r\u00f6ksi\" eli\u00a0puheenaiheehksi, josta ei voi puhua. Eik\u00e4 puhumattomuuden kannata antaa jatkua liian pitk\u00e4\u00e4n. Usein my\u00f6s ajatellaan, ett\u00e4 lasten suojelemiseksi sairaudesta ja sen ennusteesta ei Read More","og_url":"https:\/\/mielenikkuna.fi\/?page_id=169","og_site_name":"PSYKOTERAPIAPALVELU MIELEN IKKUNA","article_modified_time":"2017-12-03T08:27:47+00:00","twitter_card":"summary_large_image","twitter_misc":{"Arvioitu lukuaika":"1 minuutti"},"schema":{"@context":"https:\/\/schema.org","@graph":[{"@type":"WebPage","@id":"https:\/\/mielenikkuna.fi\/?page_id=169","url":"https:\/\/mielenikkuna.fi\/?page_id=169","name":"Perhek\u00e4ynnit - PSYKOTERAPIAPALVELU MIELEN IKKUNA","isPartOf":{"@id":"https:\/\/mielenikkuna.fi\/#website"},"datePublished":"2017-09-20T10:52:23+00:00","dateModified":"2017-12-03T08:27:47+00:00","breadcrumb":{"@id":"https:\/\/mielenikkuna.fi\/?page_id=169#breadcrumb"},"inLanguage":"fi","potentialAction":[{"@type":"ReadAction","target":["https:\/\/mielenikkuna.fi\/?page_id=169"]}]},{"@type":"BreadcrumbList","@id":"https:\/\/mielenikkuna.fi\/?page_id=169#breadcrumb","itemListElement":[{"@type":"ListItem","position":1,"name":"Home","item":"https:\/\/mielenikkuna.fi\/"},{"@type":"ListItem","position":2,"name":"Palvelut","item":"https:\/\/mielenikkuna.fi\/?page_id=63"},{"@type":"ListItem","position":3,"name":"Perhek\u00e4ynnit"}]},{"@type":"WebSite","@id":"https:\/\/mielenikkuna.fi\/#website","url":"https:\/\/mielenikkuna.fi\/","name":"PSYKOTERAPIAPALVELU MIELEN IKKUNA","description":"","potentialAction":[{"@type":"SearchAction","target":{"@type":"EntryPoint","urlTemplate":"https:\/\/mielenikkuna.fi\/?s={search_term_string}"},"query-input":{"@type":"PropertyValueSpecification","valueRequired":true,"valueName":"search_term_string"}}],"inLanguage":"fi"}]}},"jetpack_sharing_enabled":true,"jetpack_shortlink":"https:\/\/wp.me\/P9bYoq-2J","_links":{"self":[{"href":"https:\/\/mielenikkuna.fi\/index.php?rest_route=\/wp\/v2\/pages\/169","targetHints":{"allow":["GET"]}}],"collection":[{"href":"https:\/\/mielenikkuna.fi\/index.php?rest_route=\/wp\/v2\/pages"}],"about":[{"href":"https:\/\/mielenikkuna.fi\/index.php?rest_route=\/wp\/v2\/types\/page"}],"author":[{"embeddable":true,"href":"https:\/\/mielenikkuna.fi\/index.php?rest_route=\/wp\/v2\/users\/1"}],"replies":[{"embeddable":true,"href":"https:\/\/mielenikkuna.fi\/index.php?rest_route=%2Fwp%2Fv2%2Fcomments&post=169"}],"version-history":[{"count":5,"href":"https:\/\/mielenikkuna.fi\/index.php?rest_route=\/wp\/v2\/pages\/169\/revisions"}],"predecessor-version":[{"id":301,"href":"https:\/\/mielenikkuna.fi\/index.php?rest_route=\/wp\/v2\/pages\/169\/revisions\/301"}],"up":[{"embeddable":true,"href":"https:\/\/mielenikkuna.fi\/index.php?rest_route=\/wp\/v2\/pages\/63"}],"wp:attachment":[{"href":"https:\/\/mielenikkuna.fi\/index.php?rest_route=%2Fwp%2Fv2%2Fmedia&parent=169"}],"curies":[{"name":"wp","href":"https:\/\/api.w.org\/{rel}","templated":true}]}}