{"id":167,"date":"2017-09-20T10:52:07","date_gmt":"2017-09-20T10:52:07","guid":{"rendered":"https:\/\/mielenikkuna.fi\/?page_id=167"},"modified":"2017-12-03T08:28:47","modified_gmt":"2017-12-03T08:28:47","slug":"parikaynnit","status":"publish","type":"page","link":"https:\/\/mielenikkuna.fi\/?page_id=167","title":{"rendered":"Parik\u00e4ynnit"},"content":{"rendered":"<div id=\"pl-167\"  class=\"panel-layout\" ><div id=\"pg-167-0\"  class=\"panel-grid panel-no-style\" ><div id=\"pgc-167-0-0\"  class=\"panel-grid-cell\" ><div id=\"panel-167-0-0-0\" class=\"so-panel widget widget_sow-editor panel-first-child panel-last-child\" data-index=\"0\" ><div\n\t\t\t\n\t\t\tclass=\"so-widget-sow-editor so-widget-sow-editor-base\"\n\t\t\t\n\t\t>\n<div class=\"siteorigin-widget-tinymce textwidget\">\n\t<p><strong>Oletko hiljattain sairastunut? Tai onko puolisosi sairastunut? Sairastaako jompi kumpi teist\u00e4 jotain pitk\u00e4aikaissairautta?<\/strong><\/p>\n<p>Oma tai puolison \u00e4killinen sairastuminen her\u00e4tt\u00e4\u00e4 monenlaisia kysymyksi\u00e4 ja\u00a0kenties my\u00f6s pelkoa tulevasta.\u00a0Se voi my\u00f6s aiheuttaa\u00a0konkreettisia muutoksia parisuhteessa.\u00a0 My\u00f6s pitk\u00e4aikaissairaus voi kuormittaa parisuhdetta.<\/p>\n<p>Mik\u00e4li asioista puhuminen kesken\u00e4\u00e4n ei onnistu tai se tuntuu vaikealta, saattaa joskus jo yksikin k\u00e4ynti ammatilaisen luona auttaa. Toisinaan tarvitaan useampia k\u00e4yntej\u00e4.<\/p>\n<p>Parisuhteeseen kannattaa my\u00f6s hakea rohkeasti apua erilaisilta sairauskohtaisilta parisuhdekursseilta!<\/p>\n<\/div>\n<\/div><\/div><\/div><div id=\"pgc-167-0-1\"  class=\"panel-grid-cell\" ><div id=\"panel-167-0-1-0\" class=\"so-panel widget widget_sow-editor panel-first-child panel-last-child\" data-index=\"1\" ><div\n\t\t\t\n\t\t\tclass=\"so-widget-sow-editor so-widget-sow-editor-base\"\n\t\t\t\n\t\t>\n<div class=\"siteorigin-widget-tinymce textwidget\">\n\t<\/div>\n<\/div><\/div><\/div><\/div><\/div>","protected":false},"excerpt":{"rendered":"<p>Oletko hiljattain sairastunut? Tai onko puolisosi sairastunut? Sairastaako jompi kumpi teist\u00e4 jotain pitk\u00e4aikaissairautta? Oma tai puolison \u00e4killinen sairastuminen her\u00e4tt\u00e4\u00e4 monenlaisia kysymyksi\u00e4 ja\u00a0kenties my\u00f6s pelkoa tulevasta.\u00a0Se voi my\u00f6s aiheuttaa\u00a0konkreettisia muutoksia parisuhteessa.\u00a0 My\u00f6s pitk\u00e4aikaissairaus voi kuormittaa parisuhdetta. Mik\u00e4li asioista puhuminen kesken\u00e4\u00e4n ei onnistu tai se tuntuu vaikealta, saattaa joskus jo yksikin k\u00e4ynti ammatilaisen luona auttaa. Toisinaan tarvitaan <a class=\"read-more\" href=\"https:\/\/mielenikkuna.fi\/?page_id=167\">Read More<\/a><\/p>\n","protected":false},"author":1,"featured_media":0,"parent":63,"menu_order":0,"comment_status":"closed","ping_status":"closed","template":"","meta":{"footnotes":""},"class_list":["post-167","page","type-page","status-publish","hentry"],"yoast_head":"<!-- This site is optimized with the Yoast SEO plugin v27.6 - https:\/\/yoast.com\/product\/yoast-seo-wordpress\/ -->\n<title>Parik\u00e4ynnit - PSYKOTERAPIAPALVELU MIELEN IKKUNA<\/title>\n<meta name=\"robots\" content=\"index, follow, max-snippet:-1, max-image-preview:large, max-video-preview:-1\" \/>\n<link rel=\"canonical\" href=\"https:\/\/mielenikkuna.fi\/?page_id=167\" \/>\n<meta property=\"og:locale\" content=\"fi_FI\" \/>\n<meta property=\"og:type\" content=\"article\" \/>\n<meta property=\"og:title\" content=\"Parik\u00e4ynnit - PSYKOTERAPIAPALVELU MIELEN IKKUNA\" \/>\n<meta property=\"og:description\" content=\"Oletko hiljattain sairastunut? Tai onko puolisosi sairastunut? Sairastaako jompi kumpi teist\u00e4 jotain pitk\u00e4aikaissairautta? Oma tai puolison \u00e4killinen sairastuminen her\u00e4tt\u00e4\u00e4 monenlaisia kysymyksi\u00e4 ja\u00a0kenties my\u00f6s pelkoa tulevasta.\u00a0Se voi my\u00f6s aiheuttaa\u00a0konkreettisia muutoksia parisuhteessa.\u00a0 My\u00f6s pitk\u00e4aikaissairaus voi kuormittaa parisuhdetta. Mik\u00e4li asioista puhuminen kesken\u00e4\u00e4n ei onnistu tai se tuntuu vaikealta, saattaa joskus jo yksikin k\u00e4ynti ammatilaisen luona auttaa. Toisinaan tarvitaan Read More\" \/>\n<meta property=\"og:url\" content=\"https:\/\/mielenikkuna.fi\/?page_id=167\" \/>\n<meta property=\"og:site_name\" content=\"PSYKOTERAPIAPALVELU MIELEN IKKUNA\" \/>\n<meta property=\"article:modified_time\" content=\"2017-12-03T08:28:47+00:00\" \/>\n<meta name=\"twitter:card\" content=\"summary_large_image\" \/>\n<script type=\"application\/ld+json\" class=\"yoast-schema-graph\">{\"@context\":\"https:\\\/\\\/schema.org\",\"@graph\":[{\"@type\":\"WebPage\",\"@id\":\"https:\\\/\\\/mielenikkuna.fi\\\/?page_id=167\",\"url\":\"https:\\\/\\\/mielenikkuna.fi\\\/?page_id=167\",\"name\":\"Parik\u00e4ynnit - PSYKOTERAPIAPALVELU MIELEN IKKUNA\",\"isPartOf\":{\"@id\":\"https:\\\/\\\/mielenikkuna.fi\\\/#website\"},\"datePublished\":\"2017-09-20T10:52:07+00:00\",\"dateModified\":\"2017-12-03T08:28:47+00:00\",\"breadcrumb\":{\"@id\":\"https:\\\/\\\/mielenikkuna.fi\\\/?page_id=167#breadcrumb\"},\"inLanguage\":\"fi\",\"potentialAction\":[{\"@type\":\"ReadAction\",\"target\":[\"https:\\\/\\\/mielenikkuna.fi\\\/?page_id=167\"]}]},{\"@type\":\"BreadcrumbList\",\"@id\":\"https:\\\/\\\/mielenikkuna.fi\\\/?page_id=167#breadcrumb\",\"itemListElement\":[{\"@type\":\"ListItem\",\"position\":1,\"name\":\"Home\",\"item\":\"https:\\\/\\\/mielenikkuna.fi\\\/\"},{\"@type\":\"ListItem\",\"position\":2,\"name\":\"Palvelut\",\"item\":\"https:\\\/\\\/mielenikkuna.fi\\\/?page_id=63\"},{\"@type\":\"ListItem\",\"position\":3,\"name\":\"Parik\u00e4ynnit\"}]},{\"@type\":\"WebSite\",\"@id\":\"https:\\\/\\\/mielenikkuna.fi\\\/#website\",\"url\":\"https:\\\/\\\/mielenikkuna.fi\\\/\",\"name\":\"PSYKOTERAPIAPALVELU MIELEN IKKUNA\",\"description\":\"\",\"potentialAction\":[{\"@type\":\"SearchAction\",\"target\":{\"@type\":\"EntryPoint\",\"urlTemplate\":\"https:\\\/\\\/mielenikkuna.fi\\\/?s={search_term_string}\"},\"query-input\":{\"@type\":\"PropertyValueSpecification\",\"valueRequired\":true,\"valueName\":\"search_term_string\"}}],\"inLanguage\":\"fi\"}]}<\/script>\n<!-- \/ Yoast SEO plugin. -->","yoast_head_json":{"title":"Parik\u00e4ynnit - PSYKOTERAPIAPALVELU MIELEN IKKUNA","robots":{"index":"index","follow":"follow","max-snippet":"max-snippet:-1","max-image-preview":"max-image-preview:large","max-video-preview":"max-video-preview:-1"},"canonical":"https:\/\/mielenikkuna.fi\/?page_id=167","og_locale":"fi_FI","og_type":"article","og_title":"Parik\u00e4ynnit - PSYKOTERAPIAPALVELU MIELEN IKKUNA","og_description":"Oletko hiljattain sairastunut? Tai onko puolisosi sairastunut? Sairastaako jompi kumpi teist\u00e4 jotain pitk\u00e4aikaissairautta? Oma tai puolison \u00e4killinen sairastuminen her\u00e4tt\u00e4\u00e4 monenlaisia kysymyksi\u00e4 ja\u00a0kenties my\u00f6s pelkoa tulevasta.\u00a0Se voi my\u00f6s aiheuttaa\u00a0konkreettisia muutoksia parisuhteessa.\u00a0 My\u00f6s pitk\u00e4aikaissairaus voi kuormittaa parisuhdetta. Mik\u00e4li asioista puhuminen kesken\u00e4\u00e4n ei onnistu tai se tuntuu vaikealta, saattaa joskus jo yksikin k\u00e4ynti ammatilaisen luona auttaa. Toisinaan tarvitaan Read More","og_url":"https:\/\/mielenikkuna.fi\/?page_id=167","og_site_name":"PSYKOTERAPIAPALVELU MIELEN IKKUNA","article_modified_time":"2017-12-03T08:28:47+00:00","twitter_card":"summary_large_image","schema":{"@context":"https:\/\/schema.org","@graph":[{"@type":"WebPage","@id":"https:\/\/mielenikkuna.fi\/?page_id=167","url":"https:\/\/mielenikkuna.fi\/?page_id=167","name":"Parik\u00e4ynnit - PSYKOTERAPIAPALVELU MIELEN IKKUNA","isPartOf":{"@id":"https:\/\/mielenikkuna.fi\/#website"},"datePublished":"2017-09-20T10:52:07+00:00","dateModified":"2017-12-03T08:28:47+00:00","breadcrumb":{"@id":"https:\/\/mielenikkuna.fi\/?page_id=167#breadcrumb"},"inLanguage":"fi","potentialAction":[{"@type":"ReadAction","target":["https:\/\/mielenikkuna.fi\/?page_id=167"]}]},{"@type":"BreadcrumbList","@id":"https:\/\/mielenikkuna.fi\/?page_id=167#breadcrumb","itemListElement":[{"@type":"ListItem","position":1,"name":"Home","item":"https:\/\/mielenikkuna.fi\/"},{"@type":"ListItem","position":2,"name":"Palvelut","item":"https:\/\/mielenikkuna.fi\/?page_id=63"},{"@type":"ListItem","position":3,"name":"Parik\u00e4ynnit"}]},{"@type":"WebSite","@id":"https:\/\/mielenikkuna.fi\/#website","url":"https:\/\/mielenikkuna.fi\/","name":"PSYKOTERAPIAPALVELU MIELEN IKKUNA","description":"","potentialAction":[{"@type":"SearchAction","target":{"@type":"EntryPoint","urlTemplate":"https:\/\/mielenikkuna.fi\/?s={search_term_string}"},"query-input":{"@type":"PropertyValueSpecification","valueRequired":true,"valueName":"search_term_string"}}],"inLanguage":"fi"}]}},"jetpack_sharing_enabled":true,"jetpack_shortlink":"https:\/\/wp.me\/P9bYoq-2H","_links":{"self":[{"href":"https:\/\/mielenikkuna.fi\/index.php?rest_route=\/wp\/v2\/pages\/167","targetHints":{"allow":["GET"]}}],"collection":[{"href":"https:\/\/mielenikkuna.fi\/index.php?rest_route=\/wp\/v2\/pages"}],"about":[{"href":"https:\/\/mielenikkuna.fi\/index.php?rest_route=\/wp\/v2\/types\/page"}],"author":[{"embeddable":true,"href":"https:\/\/mielenikkuna.fi\/index.php?rest_route=\/wp\/v2\/users\/1"}],"replies":[{"embeddable":true,"href":"https:\/\/mielenikkuna.fi\/index.php?rest_route=%2Fwp%2Fv2%2Fcomments&post=167"}],"version-history":[{"count":5,"href":"https:\/\/mielenikkuna.fi\/index.php?rest_route=\/wp\/v2\/pages\/167\/revisions"}],"predecessor-version":[{"id":303,"href":"https:\/\/mielenikkuna.fi\/index.php?rest_route=\/wp\/v2\/pages\/167\/revisions\/303"}],"up":[{"embeddable":true,"href":"https:\/\/mielenikkuna.fi\/index.php?rest_route=\/wp\/v2\/pages\/63"}],"wp:attachment":[{"href":"https:\/\/mielenikkuna.fi\/index.php?rest_route=%2Fwp%2Fv2%2Fmedia&parent=167"}],"curies":[{"name":"wp","href":"https:\/\/api.w.org\/{rel}","templated":true}]}}