{"id":132,"date":"2017-09-19T11:58:20","date_gmt":"2017-09-19T11:58:20","guid":{"rendered":"https:\/\/mielenikkuna.fi\/?page_id=132"},"modified":"2023-07-25T08:45:49","modified_gmt":"2023-07-25T08:45:49","slug":"ajanvaraus","status":"publish","type":"page","link":"https:\/\/mielenikkuna.fi\/?page_id=132","title":{"rendered":"Ajanvaraus"},"content":{"rendered":"<div id=\"pl-132\"  class=\"panel-layout\" ><div id=\"pg-132-0\"  class=\"panel-grid panel-no-style\" ><div id=\"pgc-132-0-0\"  class=\"panel-grid-cell\" ><div id=\"panel-132-0-0-0\" class=\"so-panel widget widget_sow-editor panel-first-child panel-last-child\" data-index=\"0\" ><div\n\t\t\t\n\t\t\tclass=\"so-widget-sow-editor so-widget-sow-editor-base\"\n\t\t\t\n\t\t>\n<div class=\"siteorigin-widget-tinymce textwidget\">\n\t<p>Otan t\u00e4ll\u00e4 hetkell\u00e4 vastaan lapsiperheit\u00e4, joissa vanhempi on sairastunut sy\u00f6p\u00e4\u00e4n. Asiakaat ohjautuvat vastaanotolleni Pirkanmaan Sy\u00f6p\u00e4yhdistyksen sairaanhoitajien kautta.<\/p>\n<p>En pid\u00e4 yksityisvastaanottoa t\u00e4ll\u00e4 hetkell\u00e4 lainkaan.<\/p>\n<p><strong>Pirkanmaan sy\u00f6p\u00e4yhdistyksen vaihde 03 2499 200<\/strong><\/p>\n<p>&nbsp;<\/p>\n<\/div>\n<\/div><\/div><\/div><div id=\"pgc-132-0-1\"  class=\"panel-grid-cell\" ><div id=\"panel-132-0-1-0\" class=\"so-panel widget widget_sow-editor panel-first-child panel-last-child\" data-index=\"1\" ><div\n\t\t\t\n\t\t\tclass=\"so-widget-sow-editor so-widget-sow-editor-base\"\n\t\t\t\n\t\t>\n<div class=\"siteorigin-widget-tinymce textwidget\">\n\t<\/div>\n<\/div><\/div><\/div><\/div><\/div>","protected":false},"excerpt":{"rendered":"<p>Otan t\u00e4ll\u00e4 hetkell\u00e4 vastaan lapsiperheit\u00e4, joissa vanhempi on sairastunut sy\u00f6p\u00e4\u00e4n. Asiakaat ohjautuvat vastaanotolleni Pirkanmaan Sy\u00f6p\u00e4yhdistyksen sairaanhoitajien kautta. En pid\u00e4 yksityisvastaanottoa t\u00e4ll\u00e4 hetkell\u00e4 lainkaan. Pirkanmaan sy\u00f6p\u00e4yhdistyksen vaihde 03 2499 200 &nbsp;<\/p>\n","protected":false},"author":1,"featured_media":0,"parent":0,"menu_order":0,"comment_status":"closed","ping_status":"closed","template":"","meta":{"jetpack_post_was_ever_published":false,"footnotes":""},"class_list":["post-132","page","type-page","status-publish","hentry"],"yoast_head":"<!-- This site is optimized with the Yoast SEO plugin v27.3 - https:\/\/yoast.com\/product\/yoast-seo-wordpress\/ -->\n<title>Ajanvaraus - PSYKOTERAPIAPALVELU MIELEN IKKUNA<\/title>\n<meta name=\"robots\" content=\"index, follow, max-snippet:-1, max-image-preview:large, max-video-preview:-1\" \/>\n<link rel=\"canonical\" href=\"https:\/\/mielenikkuna.fi\/?page_id=132\" \/>\n<meta property=\"og:locale\" content=\"fi_FI\" \/>\n<meta property=\"og:type\" content=\"article\" \/>\n<meta property=\"og:title\" content=\"Ajanvaraus - PSYKOTERAPIAPALVELU MIELEN IKKUNA\" \/>\n<meta property=\"og:description\" content=\"Otan t\u00e4ll\u00e4 hetkell\u00e4 vastaan lapsiperheit\u00e4, joissa vanhempi on sairastunut sy\u00f6p\u00e4\u00e4n. Asiakaat ohjautuvat vastaanotolleni Pirkanmaan Sy\u00f6p\u00e4yhdistyksen sairaanhoitajien kautta. En pid\u00e4 yksityisvastaanottoa t\u00e4ll\u00e4 hetkell\u00e4 lainkaan. Pirkanmaan sy\u00f6p\u00e4yhdistyksen vaihde 03 2499 200 &nbsp;\" \/>\n<meta property=\"og:url\" content=\"https:\/\/mielenikkuna.fi\/?page_id=132\" \/>\n<meta property=\"og:site_name\" content=\"PSYKOTERAPIAPALVELU MIELEN IKKUNA\" \/>\n<meta property=\"article:modified_time\" content=\"2023-07-25T08:45:49+00:00\" \/>\n<meta name=\"twitter:card\" content=\"summary_large_image\" \/>\n<meta name=\"twitter:label1\" content=\"Arvioitu lukuaika\" \/>\n\t<meta name=\"twitter:data1\" content=\"1 minuutti\" \/>\n<script type=\"application\/ld+json\" class=\"yoast-schema-graph\">{\"@context\":\"https:\\\/\\\/schema.org\",\"@graph\":[{\"@type\":\"WebPage\",\"@id\":\"https:\\\/\\\/mielenikkuna.fi\\\/?page_id=132\",\"url\":\"https:\\\/\\\/mielenikkuna.fi\\\/?page_id=132\",\"name\":\"Ajanvaraus - PSYKOTERAPIAPALVELU MIELEN IKKUNA\",\"isPartOf\":{\"@id\":\"https:\\\/\\\/mielenikkuna.fi\\\/#website\"},\"datePublished\":\"2017-09-19T11:58:20+00:00\",\"dateModified\":\"2023-07-25T08:45:49+00:00\",\"breadcrumb\":{\"@id\":\"https:\\\/\\\/mielenikkuna.fi\\\/?page_id=132#breadcrumb\"},\"inLanguage\":\"fi\",\"potentialAction\":[{\"@type\":\"ReadAction\",\"target\":[\"https:\\\/\\\/mielenikkuna.fi\\\/?page_id=132\"]}]},{\"@type\":\"BreadcrumbList\",\"@id\":\"https:\\\/\\\/mielenikkuna.fi\\\/?page_id=132#breadcrumb\",\"itemListElement\":[{\"@type\":\"ListItem\",\"position\":1,\"name\":\"Home\",\"item\":\"https:\\\/\\\/mielenikkuna.fi\\\/\"},{\"@type\":\"ListItem\",\"position\":2,\"name\":\"Ajanvaraus\"}]},{\"@type\":\"WebSite\",\"@id\":\"https:\\\/\\\/mielenikkuna.fi\\\/#website\",\"url\":\"https:\\\/\\\/mielenikkuna.fi\\\/\",\"name\":\"PSYKOTERAPIAPALVELU MIELEN IKKUNA\",\"description\":\"\",\"potentialAction\":[{\"@type\":\"SearchAction\",\"target\":{\"@type\":\"EntryPoint\",\"urlTemplate\":\"https:\\\/\\\/mielenikkuna.fi\\\/?s={search_term_string}\"},\"query-input\":{\"@type\":\"PropertyValueSpecification\",\"valueRequired\":true,\"valueName\":\"search_term_string\"}}],\"inLanguage\":\"fi\"}]}<\/script>\n<!-- \/ Yoast SEO plugin. -->","yoast_head_json":{"title":"Ajanvaraus - PSYKOTERAPIAPALVELU MIELEN IKKUNA","robots":{"index":"index","follow":"follow","max-snippet":"max-snippet:-1","max-image-preview":"max-image-preview:large","max-video-preview":"max-video-preview:-1"},"canonical":"https:\/\/mielenikkuna.fi\/?page_id=132","og_locale":"fi_FI","og_type":"article","og_title":"Ajanvaraus - PSYKOTERAPIAPALVELU MIELEN IKKUNA","og_description":"Otan t\u00e4ll\u00e4 hetkell\u00e4 vastaan lapsiperheit\u00e4, joissa vanhempi on sairastunut sy\u00f6p\u00e4\u00e4n. Asiakaat ohjautuvat vastaanotolleni Pirkanmaan Sy\u00f6p\u00e4yhdistyksen sairaanhoitajien kautta. En pid\u00e4 yksityisvastaanottoa t\u00e4ll\u00e4 hetkell\u00e4 lainkaan. Pirkanmaan sy\u00f6p\u00e4yhdistyksen vaihde 03 2499 200 &nbsp;","og_url":"https:\/\/mielenikkuna.fi\/?page_id=132","og_site_name":"PSYKOTERAPIAPALVELU MIELEN IKKUNA","article_modified_time":"2023-07-25T08:45:49+00:00","twitter_card":"summary_large_image","twitter_misc":{"Arvioitu lukuaika":"1 minuutti"},"schema":{"@context":"https:\/\/schema.org","@graph":[{"@type":"WebPage","@id":"https:\/\/mielenikkuna.fi\/?page_id=132","url":"https:\/\/mielenikkuna.fi\/?page_id=132","name":"Ajanvaraus - PSYKOTERAPIAPALVELU MIELEN IKKUNA","isPartOf":{"@id":"https:\/\/mielenikkuna.fi\/#website"},"datePublished":"2017-09-19T11:58:20+00:00","dateModified":"2023-07-25T08:45:49+00:00","breadcrumb":{"@id":"https:\/\/mielenikkuna.fi\/?page_id=132#breadcrumb"},"inLanguage":"fi","potentialAction":[{"@type":"ReadAction","target":["https:\/\/mielenikkuna.fi\/?page_id=132"]}]},{"@type":"BreadcrumbList","@id":"https:\/\/mielenikkuna.fi\/?page_id=132#breadcrumb","itemListElement":[{"@type":"ListItem","position":1,"name":"Home","item":"https:\/\/mielenikkuna.fi\/"},{"@type":"ListItem","position":2,"name":"Ajanvaraus"}]},{"@type":"WebSite","@id":"https:\/\/mielenikkuna.fi\/#website","url":"https:\/\/mielenikkuna.fi\/","name":"PSYKOTERAPIAPALVELU MIELEN IKKUNA","description":"","potentialAction":[{"@type":"SearchAction","target":{"@type":"EntryPoint","urlTemplate":"https:\/\/mielenikkuna.fi\/?s={search_term_string}"},"query-input":{"@type":"PropertyValueSpecification","valueRequired":true,"valueName":"search_term_string"}}],"inLanguage":"fi"}]}},"jetpack_sharing_enabled":true,"jetpack_shortlink":"https:\/\/wp.me\/P9bYoq-28","_links":{"self":[{"href":"https:\/\/mielenikkuna.fi\/index.php?rest_route=\/wp\/v2\/pages\/132","targetHints":{"allow":["GET"]}}],"collection":[{"href":"https:\/\/mielenikkuna.fi\/index.php?rest_route=\/wp\/v2\/pages"}],"about":[{"href":"https:\/\/mielenikkuna.fi\/index.php?rest_route=\/wp\/v2\/types\/page"}],"author":[{"embeddable":true,"href":"https:\/\/mielenikkuna.fi\/index.php?rest_route=\/wp\/v2\/users\/1"}],"replies":[{"embeddable":true,"href":"https:\/\/mielenikkuna.fi\/index.php?rest_route=%2Fwp%2Fv2%2Fcomments&post=132"}],"version-history":[{"count":9,"href":"https:\/\/mielenikkuna.fi\/index.php?rest_route=\/wp\/v2\/pages\/132\/revisions"}],"predecessor-version":[{"id":452,"href":"https:\/\/mielenikkuna.fi\/index.php?rest_route=\/wp\/v2\/pages\/132\/revisions\/452"}],"wp:attachment":[{"href":"https:\/\/mielenikkuna.fi\/index.php?rest_route=%2Fwp%2Fv2%2Fmedia&parent=132"}],"curies":[{"name":"wp","href":"https:\/\/api.w.org\/{rel}","templated":true}]}}